{"id":8,"date":"2017-05-11T11:06:38","date_gmt":"2017-05-11T09:06:38","guid":{"rendered":"http:\/\/www.ch-chalon71.fr\/urologues\/?page_id=8"},"modified":"2024-03-24T21:46:37","modified_gmt":"2024-03-24T20:46:37","slug":"service","status":"publish","type":"page","link":"https:\/\/www.ch-chalon71.fr\/urologues\/service\/","title":{"rendered":"Service"},"content":{"rendered":"<h2 style=\"color: #1997ef;\">L&rsquo;\u00e9quipe<\/h2>\n<h3>Les chirurgiens<\/h3>\n<p><b>Docteur Nicolas KOUTLIDIS<\/b><\/p>\n<h5><em>Chirurgien urologue depuis 2012<\/em><\/h5>\n<h5><em>Titulaire de l\u2019European Board of Urology depuis 2013<\/em><\/h5>\n<h5><em>Ancien praticien attach\u00e9 de l\u2019H\u00f4pital Europ\u00e9en George Pompidou Ancien interne et chef de clinique des h\u00f4pitaux de Dijon<\/em><\/h5>\n<h5><em>Membre de l\u2019Association Fran\u00e7aise d\u2019Urologie<\/em><\/h5>\n<h5><em>Dipl\u00f4me Inter-Universitaire d\u2019Onco-urologie et d \u2018Echographie Uro-g\u00e9nitale<\/em><\/h5>\n<h5><em>Dipl\u00f4me Universitaire d\u2019Urodynamique \u00a0<\/em><\/h5>\n<p><b>Docteur S\u00e9bastien BASSARD<\/b><\/p>\n<h5><em>Chirurgien urologue depuis 2015<\/em><\/h5>\n<h5><em>Ancien interne et assistant des h\u00f4pitaux de Dijon<\/em><\/h5>\n<h5><em>Dipl\u00f4me Inter-Universitaire d\u2019Onco-urologie<\/em><\/h5>\n<h5><em>Dipl\u00f4me Universitaire d\u2019Urodynamique<\/em><\/h5>\n<p><strong>Docteur Mattia CERASUOLO<\/strong><\/p>\n<h5><em>Chirurgien Urologue depuis 2022<br \/>\n<\/em><\/h5>\n<h5><em>Dipl\u00f4me Universitaire d\u2019Urodynamique<\/em><\/h5>\n<h5><em>Dipl\u00f4me Inter-Universitaire d\u2019Echographie Uro-g\u00e9nitale<\/em><\/h5>\n<h5><em>\u00a0\u00a0<\/em><\/h5>\n<h3>Les internes<\/h3>\n<p>\u00ab\u00a0Nous accueillons tous les six mois (en Novembre et en Mai) des interne(s) plus ou moins avanc\u00e9s dans leur cursus\u00bb<\/p>\n<p>Thibaud DALIN<\/p>\n<p>Rajaa ET-TOUZANI<\/p>\n<p>Nathan RICHELET<\/p>\n<h3>La CADRE du service<\/h3>\n<p>Me\u00a0Fatima SERRADJ<\/p>\n<h2 style=\"color: #1997ef;\">Plateau technique<\/h2>\n<h3>Bloc op\u00e9ratoire<\/h3>\n<p>L&rsquo;ensemble des techniques Laser sont \u00e0 notre disposition pour le traitement des calculs et de la pathologie prostatique: le Laser greenlight (<a href=\"https:\/\/www.youtube.com\/watch?v=wlKDlz3WQx8\">GreenLight XPS\u2122 Laser Therapy System: Bladder Neck Vaporization Surgical Video Clip &#8211; YouTube<\/a>) permet une prise en charge en ambulatoire de l&rsquo;hypertrophie de prostate tandis que le Laser Thulium (<a href=\"https:\/\/www.youtube.com\/watch?v=vliFn-VsQR4\">THULEP &#8211; Enucl\u00e9ation de prostate au laser Thulium fibr\u00e9 &#8211; YouTube<\/a>) permet d&rsquo;\u00e9nucl\u00e9er des prostates de plus gros volume.<\/p>\n<p><strong>Depuis Mars 2024, une toute nouvelle technologie est \u00e0 notre disposition pour une prise en charge ambulatoire: le traitement de l&rsquo;ad\u00e9nome de prostate par de la vapeur d&rsquo;eau appel\u00e9 Rezum (https:\/\/youtu.be\/3mbjAyzHkQ0)<\/strong><\/p>\n<p>La c\u0153lio-chirurgie est largement d\u00e9velopp\u00e9e dans notre service pour les pathologies\u00a0r\u00e9nale, pelvienne ou prostatique. Cependant, elle n\u2019est pas indiqu\u00e9e pour tous les patients ni pour toutes les pathologies. Le plateau technique accueille \u00e9galement des chirurgiens Visc\u00e9raux et vasculaires permettant de prendre en charge en toute s\u00e9r\u00e9nit\u00e9 des patients\u00a0plus lourds m\u00e9dicalement.<\/p>\n<h3>Hospitalisation conventionnelle : Ascenseur B, 2<sup>\u00e8me<\/sup> \u00e9tage<\/h3>\n<p><!--Photos d\u2019une chambre-->Nos lits sont regroup\u00e9s au sein du service Urologie \u00ab\u00a0Nous disposons de 8 lits en <strong>hospitalisation<\/strong> conventionnelle\u00a0\u00bb T\u00e9l\u00e9phone &#8211; Cadre de sant\u00e9 : 03 85 91 04 43 ; Secr\u00e9tariat : 03 85 91 00 27<\/p>\n<h3>Unit\u00e9 de m\u00e9decine Ambulatoire : Ascenseur C, 3<sup>\u00e8me<\/sup> \u00e9tage<\/h3>\n<p>Les patients n\u00e9cessitant une hospitalisation \u00e0 la journ\u00e9e sont accueillis au sein de l&rsquo;unit\u00e9 de m\u00e9decine ambulatoire. Sont concern\u00e9s instillations endo-v\u00e9sicales, traitement compl\u00e9mentaire des tumeurs de vessie ainsi que les patients candidats \u00e0 la journ\u00e9e pluridisciplinaire de pr\u00e9paration aux chirurgies lourdes T\u00e9l\u00e9phone &#8211; Cadre de sant\u00e9 : 03 85 91 00 59<\/p>\n<h3>Unit\u00e9 de chirurgie Ambulatoire : Ascenseur C, 1<sup>er<\/sup> \u00e9tage<\/h3>\n<p>Pour toute chirurgie ne n\u00e9cessitant pas une nuit \u00e0 l&rsquo;h\u00f4pital, vous serez pris en charge dans le service de chirurgie ambulatoire. Les gestes urologiques se pr\u00eatant \u00e0 cette prise en charge sont la chirurgie des organes g\u00e9nitaux externes, la prise en charge des calculs urinaires, la chirurgie pour incontinence urinaire et occasionnellement les r\u00e9sections de vessie ou de prostate. T\u00e9l\u00e9phone &#8211; Cadre de sant\u00e9 : 03 85 91 00 96 ; Secr\u00e9tariat : 03 85 91 03 24<\/p>\n<h3>Consultation : Ascenseur C, 1<sup>er<\/sup> \u00e9tage<\/h3>\n<p><!--Photos d\u2019un box de consultation, de la salle d\u2019endoscopie-->\u00ab\u00a0L\u2019unit\u00e9 d\u2019exploration et de soins externes est regroup\u00e9e avec l\u2019activit\u00e9 de consultation externe. Les actes pouvant \u00eatre effectu\u00e9s en consultation sont multiples\u00a0: L\u2019endoscopie v\u00e9sicale, la r\u00e9alisation des bilans urodynamiques, les biopsies de prostate, la r\u00e9fection des pansements ou le changement de sondes urinaires\u00a0\u00bb Pour toutes urgences la journ\u00e9e, contactez directement les secr\u00e9taires entre 9h et 17h au 03 85 91 00 31 ou passez par le standard et demandez le 22 32 11 ou l&rsquo;Urologue de l&rsquo;h\u00f4pital.<\/p>\n<h3><\/h3>\n","protected":false},"excerpt":{"rendered":"<p>L&rsquo;\u00e9quipe Les chirurgiens Docteur Nicolas KOUTLIDIS Chirurgien urologue depuis 2012 Titulaire de l\u2019European Board of Urology depuis 2013 Ancien praticien attach\u00e9 de l\u2019H\u00f4pital Europ\u00e9en George Pompidou Ancien interne et chef de clinique des h\u00f4pitaux de Dijon Membre de l\u2019Association Fran\u00e7aise d\u2019Urologie Dipl\u00f4me Inter-Universitaire d\u2019Onco-urologie et d \u2018Echographie Uro-g\u00e9nitale Dipl\u00f4me Universitaire d\u2019Urodynamique \u00a0 Docteur S\u00e9bastien BASSARD [&hellip;]<\/p>\n","protected":false},"author":1,"featured_media":0,"parent":0,"menu_order":1,"comment_status":"closed","ping_status":"closed","template":"","meta":{"_acf_changed":false,"footnotes":""},"class_list":["post-8","page","type-page","status-publish","hentry"],"acf":[],"_links":{"self":[{"href":"https:\/\/www.ch-chalon71.fr\/urologues\/wp-json\/wp\/v2\/pages\/8","targetHints":{"allow":["GET"]}}],"collection":[{"href":"https:\/\/www.ch-chalon71.fr\/urologues\/wp-json\/wp\/v2\/pages"}],"about":[{"href":"https:\/\/www.ch-chalon71.fr\/urologues\/wp-json\/wp\/v2\/types\/page"}],"author":[{"embeddable":true,"href":"https:\/\/www.ch-chalon71.fr\/urologues\/wp-json\/wp\/v2\/users\/1"}],"replies":[{"embeddable":true,"href":"https:\/\/www.ch-chalon71.fr\/urologues\/wp-json\/wp\/v2\/comments?post=8"}],"version-history":[{"count":31,"href":"https:\/\/www.ch-chalon71.fr\/urologues\/wp-json\/wp\/v2\/pages\/8\/revisions"}],"predecessor-version":[{"id":306,"href":"https:\/\/www.ch-chalon71.fr\/urologues\/wp-json\/wp\/v2\/pages\/8\/revisions\/306"}],"wp:attachment":[{"href":"https:\/\/www.ch-chalon71.fr\/urologues\/wp-json\/wp\/v2\/media?parent=8"}],"curies":[{"name":"wp","href":"https:\/\/api.w.org\/{rel}","templated":true}]}}