{"id":14,"date":"2017-05-11T11:07:28","date_gmt":"2017-05-11T09:07:28","guid":{"rendered":"http:\/\/www.ch-chalon71.fr\/urologues\/?page_id=14"},"modified":"2022-04-26T13:32:25","modified_gmt":"2022-04-26T11:32:25","slug":"universitaire","status":"publish","type":"page","link":"https:\/\/www.ch-chalon71.fr\/urologues\/universitaire\/","title":{"rendered":"Universitaire"},"content":{"rendered":"<h2>Publications du service et th\u00e8ses<\/h2>\n<p><a href=\"https:\/\/www.ncbi.nlm.nih.gov\/pubmed\/?term=Bassard+S\" target=\"_blank\" rel=\"noopener noreferrer\">Dr. S\u00e9bastien Bassard<\/a><\/p>\n<p><a href=\"https:\/\/www.ncbi.nlm.nih.gov\/pubmed\/?term=Koutlidis+N\" target=\"_blank\" rel=\"noopener noreferrer\">Dr. Nicolas Koutlidis<\/a><\/p>\n<h2>Encadrement de th\u00e8se<\/h2>\n<p>1\/ L&rsquo;IRM 3 &#8211; Tesla multiparam\u00e9trique influence-t-elle le choix de pr\u00e9servation des bandelettes neurovasculaires lors d&rsquo;une prostatectomie totale ?, Septembre 2014<\/p>\n<p>2\/ N\u00e9phrectomie partielle laparoscopique robot-assist\u00e9e versus n\u00e9phrectomie partielle ouverte par lombotomie : \u00e9tude prospective de la qualit\u00e9 de vie des patients en postop\u00e9ratoire \u00e0 un mois et \u00e0 trois mois, Septembre 2016<\/p>\n<p>3\/\u00a0Etude prospective de l\u2019am\u00e9lioration du traitement de la douleur par l\u2019ajout de la r\u00e9alit\u00e9 virtuelle \u00e0 l\u2019analg\u00e9sie classique pendant la biopsie de prostate, Septembre 2021<\/p>\n","protected":false},"excerpt":{"rendered":"<p>Publications du service et th\u00e8ses Dr. S\u00e9bastien Bassard Dr. Nicolas Koutlidis Encadrement de th\u00e8se 1\/ L&rsquo;IRM 3 &#8211; Tesla multiparam\u00e9trique influence-t-elle le choix de pr\u00e9servation des bandelettes neurovasculaires lors d&rsquo;une prostatectomie totale ?, Septembre 2014 2\/ N\u00e9phrectomie partielle laparoscopique robot-assist\u00e9e versus n\u00e9phrectomie partielle ouverte par lombotomie : \u00e9tude prospective de la qualit\u00e9 de vie des [&hellip;]<\/p>\n","protected":false},"author":1,"featured_media":0,"parent":0,"menu_order":4,"comment_status":"closed","ping_status":"closed","template":"","meta":{"_acf_changed":false,"footnotes":""},"class_list":["post-14","page","type-page","status-publish","hentry"],"acf":[],"_links":{"self":[{"href":"https:\/\/www.ch-chalon71.fr\/urologues\/wp-json\/wp\/v2\/pages\/14","targetHints":{"allow":["GET"]}}],"collection":[{"href":"https:\/\/www.ch-chalon71.fr\/urologues\/wp-json\/wp\/v2\/pages"}],"about":[{"href":"https:\/\/www.ch-chalon71.fr\/urologues\/wp-json\/wp\/v2\/types\/page"}],"author":[{"embeddable":true,"href":"https:\/\/www.ch-chalon71.fr\/urologues\/wp-json\/wp\/v2\/users\/1"}],"replies":[{"embeddable":true,"href":"https:\/\/www.ch-chalon71.fr\/urologues\/wp-json\/wp\/v2\/comments?post=14"}],"version-history":[{"count":6,"href":"https:\/\/www.ch-chalon71.fr\/urologues\/wp-json\/wp\/v2\/pages\/14\/revisions"}],"predecessor-version":[{"id":344,"href":"https:\/\/www.ch-chalon71.fr\/urologues\/wp-json\/wp\/v2\/pages\/14\/revisions\/344"}],"wp:attachment":[{"href":"https:\/\/www.ch-chalon71.fr\/urologues\/wp-json\/wp\/v2\/media?parent=14"}],"curies":[{"name":"wp","href":"https:\/\/api.w.org\/{rel}","templated":true}]}}