{"id":12,"date":"2017-05-11T11:07:12","date_gmt":"2017-05-11T09:07:12","guid":{"rendered":"http:\/\/www.ch-chalon71.fr\/urologues\/?page_id=12"},"modified":"2024-03-24T22:04:06","modified_gmt":"2024-03-24T21:04:06","slug":"pathologies","status":"publish","type":"page","link":"https:\/\/www.ch-chalon71.fr\/urologues\/pathologies\/","title":{"rendered":"Pathologies"},"content":{"rendered":"<p>Ce site n\u2019a pas pour but de vous d\u00e9tailler point par point les pathologies, mais pour vous donner une id\u00e9e de ce que nous abordons et traitons au sein de l&rsquo;h\u00f4pital.<\/p>\n<p>Les fiches d\u2019informations sont disponibles sur le site de l\u2019Association Fran\u00e7aise d\u2019Urologie<!--(fiche AFU, doc PDF)--><\/p>\n<p>http:\/\/www.urofrance.org\/lurologie-grandpublic\/fiches-patient\/fiches-maladies.html<\/p>\n<p><strong>Pathologies trait\u00e9es:<\/strong><\/p>\n<ul>\n<li>Pathologies tumorales\n<ul>\n<li>Le cancer de Prostate<\/li>\n<li>Le cancer du Rein<\/li>\n<li>Le cancer de Vessie<\/li>\n<li>Le cancer des organes g\u00e9nitaux externes<\/li>\n<\/ul>\n<\/li>\n<li>Pathologies lithiasiques (calcul)<\/li>\n<li>Les Troubles mictionnels chez l\u2019homme<\/li>\n<li>Trouble Prostatique<\/li>\n<li>Pathologies Neuro-urologiques<\/li>\n<li>Pathologies infectieuses<\/li>\n<li>La statique pelvienne (Incontinence et prolapsus)<\/li>\n<\/ul>\n<h2>Le calcul urinaire<\/h2>\n<p>Depuis 2023, nous disposons du laser Thulium qui permet de traiter efficacement l&rsquo;ensemble des calculs possible. Un traitement par lithotritie extra-corporel peut aussi vous \u00eatre propos\u00e9e. Votre urologue vous expliquera le choix entre les deux techniques.<br \/>\n<!--(pour plus de renseignement\u00a0: fiche AFU, doc PDF)--><\/p>\n<h2>Biopsies de prostate<\/h2>\n<p>\u00ab\u00a0Lorsqu\u2019il existe une suspicion de cancer de prostate que votre urologue vous aura pr\u00e9alablement expliqu\u00e9, cet examen est indiqu\u00e9. Il se d\u00e9roule soit sous anesth\u00e9sie locale et\/ou Kalinox soit sous anesth\u00e9sie g\u00e9n\u00e9rale. La technique d\u00e9pend du type de biopsie. Ces biopsies permettent de faire un \u00e9tat des lieux de la prostate de mani\u00e8re standardis\u00e9\u00a0\u00bb<\/p>\n<p>La biopsie cibl\u00e9e avec contr\u00f4le IRM est aujourd&rsquo;hui indispensable dans plus de 90% des cas. L&rsquo;h\u00f4pital est \u00e9quip\u00e9 de ce mat\u00e9riel depuis 2018 et cette technologie vous sera donc propos\u00e9e de mani\u00e8re syst\u00e9matique.<\/p>\n<h2>Hypertrophie b\u00e9nigne de prostate (HBP)<\/h2>\n<p>L&rsquo;h\u00f4pital est \u00e9quip\u00e9 de l&rsquo;ensemble des technologies de pointe disponible \u00e0 l&rsquo;heure actuelle pour traiter l&rsquo;HBP: r\u00e9section bipolaire, \u00e9nucl\u00e9ation bipolaire, \u00e9nucl\u00e9ation laser, vaporisation laser et la derni\u00e8re technologie, le traitement \u00e0 la vapeur d&rsquo;eau (REZUM). Votre chirurgien sera le plus \u00e0 m\u00eame de vous expliquer le choix de la th\u00e9rapeutique. L&rsquo;objectif est de disposer d&rsquo;un panel de traitement pour un traitement \u00ab\u00a0\u00e0 la carte\u00a0\u00bb.<br \/>\n<!--(pour plus de renseignement\u00a0: fiche AFU, doc PDF)--><\/p>\n<p><a href=\"http:\/\/www.ch-chalon71.fr\/urologues\/consultations\/\">Venir en consultation<\/a><\/p>\n","protected":false},"excerpt":{"rendered":"<p>Ce site n\u2019a pas pour but de vous d\u00e9tailler point par point les pathologies, mais pour vous donner une id\u00e9e de ce que nous abordons et traitons au sein de l&rsquo;h\u00f4pital. Les fiches d\u2019informations sont disponibles sur le site de l\u2019Association Fran\u00e7aise d\u2019Urologie http:\/\/www.urofrance.org\/lurologie-grandpublic\/fiches-patient\/fiches-maladies.html Pathologies trait\u00e9es: Pathologies tumorales Le cancer de Prostate Le cancer du [&hellip;]<\/p>\n","protected":false},"author":1,"featured_media":0,"parent":0,"menu_order":3,"comment_status":"closed","ping_status":"closed","template":"","meta":{"_acf_changed":false,"footnotes":""},"class_list":["post-12","page","type-page","status-publish","hentry"],"acf":[],"_links":{"self":[{"href":"https:\/\/www.ch-chalon71.fr\/urologues\/wp-json\/wp\/v2\/pages\/12","targetHints":{"allow":["GET"]}}],"collection":[{"href":"https:\/\/www.ch-chalon71.fr\/urologues\/wp-json\/wp\/v2\/pages"}],"about":[{"href":"https:\/\/www.ch-chalon71.fr\/urologues\/wp-json\/wp\/v2\/types\/page"}],"author":[{"embeddable":true,"href":"https:\/\/www.ch-chalon71.fr\/urologues\/wp-json\/wp\/v2\/users\/1"}],"replies":[{"embeddable":true,"href":"https:\/\/www.ch-chalon71.fr\/urologues\/wp-json\/wp\/v2\/comments?post=12"}],"version-history":[{"count":12,"href":"https:\/\/www.ch-chalon71.fr\/urologues\/wp-json\/wp\/v2\/pages\/12\/revisions"}],"predecessor-version":[{"id":378,"href":"https:\/\/www.ch-chalon71.fr\/urologues\/wp-json\/wp\/v2\/pages\/12\/revisions\/378"}],"wp:attachment":[{"href":"https:\/\/www.ch-chalon71.fr\/urologues\/wp-json\/wp\/v2\/media?parent=12"}],"curies":[{"name":"wp","href":"https:\/\/api.w.org\/{rel}","templated":true}]}}