{"id":8,"date":"2021-07-07T17:00:35","date_gmt":"2021-07-07T15:00:35","guid":{"rendered":"http:\/\/www.ch-chalon71.fr\/cesu\/?page_id=8"},"modified":"2024-10-02T13:34:03","modified_gmt":"2024-10-02T11:34:03","slug":"le-cesu","status":"publish","type":"page","link":"https:\/\/www.ch-chalon71.fr\/cesu\/le-cesu\/","title":{"rendered":"Le CESU"},"content":{"rendered":"<h2><strong>LE CESU 71<\/strong><\/h2>\n<p class=\"p1\"><span class=\"s1\">Le CESU 71 rattach\u00e9 au Centre Hospitalier de Chalon sur Sa\u00f4ne dispose d\u2019antennes sur les autres Centre Hospitalier du d\u00e9partement (M\u00e2con, Paray le Monial et Autun). Les locaux sont implant\u00e9s \u00e0 l&rsquo;espace sant\u00e9 de Chagny.<\/span><\/p>\n<p class=\"p1\"><span class=\"s1\">Les antennes d\u00e9pendent du site de Chalon sur Sa\u00f4ne concernant l\u2019offre des formations et la gestion administrative des dossiers. La planification des formations et la gestion du mat\u00e9riel sont quant \u00e0 elle g\u00e9r\u00e9es par les antennes.<\/span><\/p>\n<p>Le CESU 71 est certifi\u00e9 selon le r\u00e9f\u00e9rentiel Qualiopi au titre des actions de formation sous le num\u00e9ro 01217. Le certificat est t\u00e9l\u00e9chargeable en cliquant sur\u00a0<a href=\"http:\/\/www.ch-chalon71.fr\/cesu\/wp-content\/uploads\/2024\/10\/CENTRE-HOSPITALIER-WILLIAM-MOREY-Certificat-01217-QUALIOPI-2.pdf\"><span style=\"color: #186ea1;\">Certificat Qualiopi \u2013\u00a0CESU 71 \u2013 Centre Hospitalier Chalon Sur Sa\u00f4ne<\/span><\/a><\/p>\n<p class=\"p1\"><img loading=\"lazy\" decoding=\"async\" class=\"alignnone wp-image-294 size-full\" src=\"http:\/\/www.ch-chalon71.fr\/cesu\/wp-content\/uploads\/2017\/02\/Capture-d\u2019e\u0301cran-2017-03-16-a\u0300-10.31.45.png\" alt=\"\" width=\"1134\" height=\"868\" \/><\/p>\n<p><a href=\"http:\/\/www.ch-chalon71.fr\/cesu\/wp-content\/uploads\/2024\/10\/CESU_PMQ_REF10_V14-Organigramme.pdf\">Organigramme CESU 71<\/a><\/p>\n<p>&nbsp;<\/p>\n<p>&nbsp;<\/p>\n<p><img loading=\"lazy\" decoding=\"async\" class=\"alignnone size-medium wp-image-239\" src=\"http:\/\/www.ch-chalon71.fr\/cesu\/wp-content\/uploads\/2017\/02\/photo-slider-1-300x80.png\" alt=\"\" width=\"300\" height=\"80\" srcset=\"https:\/\/www.ch-chalon71.fr\/cesu\/wp-content\/uploads\/2017\/02\/photo-slider-1-300x80.png 300w, https:\/\/www.ch-chalon71.fr\/cesu\/wp-content\/uploads\/2017\/02\/photo-slider-1-768x205.png 768w, https:\/\/www.ch-chalon71.fr\/cesu\/wp-content\/uploads\/2017\/02\/photo-slider-1-1024x274.png 1024w, https:\/\/www.ch-chalon71.fr\/cesu\/wp-content\/uploads\/2017\/02\/photo-slider-1.png 1368w\" sizes=\"auto, (max-width: 300px) 100vw, 300px\" \/><\/p>\n<p>&nbsp;<\/p>\n","protected":false},"excerpt":{"rendered":"<p>LE CESU 71 Le CESU 71 rattach\u00e9 au Centre Hospitalier de Chalon sur Sa\u00f4ne dispose d\u2019antennes sur les autres Centre Hospitalier du d\u00e9partement (M\u00e2con, Paray le Monial et Autun). Les locaux sont implant\u00e9s \u00e0 l&rsquo;espace sant\u00e9 de Chagny. Les antennes d\u00e9pendent du site de Chalon sur Sa\u00f4ne concernant l\u2019offre des formations et la gestion administrative [&hellip;]<\/p>\n","protected":false},"author":1,"featured_media":0,"parent":0,"menu_order":0,"comment_status":"closed","ping_status":"closed","template":"page.php","meta":{"_acf_changed":false,"footnotes":""},"class_list":["post-8","page","type-page","status-publish","hentry"],"acf":[],"_links":{"self":[{"href":"https:\/\/www.ch-chalon71.fr\/cesu\/wp-json\/wp\/v2\/pages\/8","targetHints":{"allow":["GET"]}}],"collection":[{"href":"https:\/\/www.ch-chalon71.fr\/cesu\/wp-json\/wp\/v2\/pages"}],"about":[{"href":"https:\/\/www.ch-chalon71.fr\/cesu\/wp-json\/wp\/v2\/types\/page"}],"author":[{"embeddable":true,"href":"https:\/\/www.ch-chalon71.fr\/cesu\/wp-json\/wp\/v2\/users\/1"}],"replies":[{"embeddable":true,"href":"https:\/\/www.ch-chalon71.fr\/cesu\/wp-json\/wp\/v2\/comments?post=8"}],"version-history":[{"count":24,"href":"https:\/\/www.ch-chalon71.fr\/cesu\/wp-json\/wp\/v2\/pages\/8\/revisions"}],"predecessor-version":[{"id":562,"href":"https:\/\/www.ch-chalon71.fr\/cesu\/wp-json\/wp\/v2\/pages\/8\/revisions\/562"}],"wp:attachment":[{"href":"https:\/\/www.ch-chalon71.fr\/cesu\/wp-json\/wp\/v2\/media?parent=8"}],"curies":[{"name":"wp","href":"https:\/\/api.w.org\/{rel}","templated":true}]}}