{"id":251,"date":"2017-03-01T10:40:44","date_gmt":"2017-03-01T09:40:44","guid":{"rendered":"http:\/\/www.ch-chalon71.fr\/cesu\/?page_id=251"},"modified":"2017-03-01T10:40:44","modified_gmt":"2017-03-01T09:40:44","slug":"mentions-legales","status":"publish","type":"page","link":"https:\/\/www.ch-chalon71.fr\/cesu\/mentions-legales\/","title":{"rendered":"Mentions l\u00e9gales"},"content":{"rendered":"<p>L\u2019utilisation de ce site Web constitue votre acceptation des conditions g\u00e9n\u00e9rales et mentions d\u2019avertissement. Vous vous engagez \u00e0 ne pas utiliser ce site \u00e0 des fins illicites ou interdites par les lois ou par les mentions l\u00e9gales et contractuelles.<\/p>\n<h3>Directeur de publication :<\/h3>\n<h2>CESITECH<\/h2>\n<p>Centre Hospitalier de Chalon-sur-Sa\u00f4ne<br \/>\n4, rue Capitaine Drillien<br \/>\nCS 80120<br \/>\n71321 Chalon sur Sa\u00f4ne Cedex<br \/>\nT\u00e9l. 03.85.44.66.88<br \/>\nFax. 03.85.44.66.99<br \/>\n<a href=\"mailto:cesitech.sante@ch-chalon71.fr\">cesitech.sante@ch-chalon71.fr<\/a><\/p>\n<h3>Cr\u00e9ation, r\u00e9alisation et h\u00e9bergement :<\/h3>\n<p>La cr\u00e9ation et la r\u00e9alisation du site Internet et des \u00e9l\u00e9ments graphiques ont \u00e9t\u00e9 pilot\u00e9es par la soci\u00e9t\u00e9 Interlude Sant\u00e9<br \/>\n926 route de Saint-Abdon 69390 Charly<br \/>\nContact : 04 72 24 56 18<br \/>\n<a href=\"http:\/\/www.interludesante.com\">www.interludesante.com<\/a><br \/>\n<a href=\"mailto:info@interludesante.com\">info@interludesante.com<\/a><\/p>\n<p>L\u2019h\u00e9bergement de ce site est assur\u00e9 par OVH.<\/p>\n<h3>Droits d\u2019auteur :<\/h3>\n<p>Tous les contenus pr\u00e9sents sur le site <a href=\"http:\/\/www.cesitechsante.fr\">www.cesitechsante.fr<\/a> sont couverts par le droit d\u2019auteur. Toute reprise est d\u00e8s lors conditionn\u00e9e \u00e0 l\u2019accord de l\u2019\u00e9diteur en vertu de l\u2019article L.122-4 du Code de la Propri\u00e9t\u00e9 Intellectuelle.<br \/>\nLes demandes d\u2019autorisation de reproduction d\u2019un contenu doivent \u00eatre adress\u00e9es \u00e0 <a href=\"mailto:cesitech.sante@ch-chalon71.fr\">cesitech.sante@ch-chalon71.fr<\/a>. En outre, les informations utilis\u00e9es ne doivent l\u2019\u00eatre qu\u2019\u00e0 des fins personnelles, associatives ou professionnelles, toute diffusion ou utilisation \u00e0 des fins commerciales ou publicitaires \u00e9tant exclues.<br \/>\nAucune publicit\u00e9 n\u2019est admise sur ce site.<br \/>\nCe site respecte les exigences l\u00e9gales concernant les informations m\u00e9dicales ou personnelles.<\/p>\n<h3>Contenu :<\/h3>\n<p>La responsabilit\u00e9 de <a href=\"http:\/\/www.cesitechsante.fr\">www.cesitechsante.fr<\/a> ne pourra \u00eatre recherch\u00e9e au titre de l\u2019information disponible sur le site.<br \/>\nUne erreur typographique, une impr\u00e9cision, un oubli, involontaires de notre part, peuvent \u00eatre pr\u00e9sents \u00e0 l\u2019int\u00e9rieur des pages internet du site <a href=\"http:\/\/www.cesitechsante.fr\">www.cesitechsante.fr<\/a>. Nous nous en excusons par avance et vous remercions de les signaler \u00e0 l\u2019adresse : <a href=\"mailto:cesitech.sante@ch-chalon71.fr\">cesitech.sante@ch-chalon71.fr<\/a>.<\/p>\n<h3>Liens<\/h3>\n<p>Le site autorise tout site Internet ou tout autre support \u00e0 le citer ou \u00e0 mettre en place un lien hypertexte pointant vers son contenu. L\u2019autorisation de mise en place d\u2019un lien est valable pour tout support, \u00e0 l\u2019exception de ceux diffusant des informations \u00e0 caract\u00e8re pol\u00e9mique, pornographique, x\u00e9nophobe ou pouvant, dans une plus large mesure porter atteinte \u00e0 la sensibilit\u00e9 du plus grand nombre.<br \/>\nIl n\u2019est pas possible de reprendre le logo CESITECH et les logos des partenaires sans leur autorisation \u00e9crite.<\/p>\n<h3>Protection des donn\u00e9es personnelles :<\/h3>\n<p>La consultation du site est possible sans que vous ayez \u00e0 r\u00e9v\u00e9ler votre identit\u00e9 ou toute autre information \u00e0 caract\u00e8re personnel vous concernant.<br \/>\nConcernant les informations \u00e0 caract\u00e8re nominatif que vous seriez amen\u00e9s \u00e0 nous communiquer, vous b\u00e9n\u00e9ficiez d\u2019un droit d\u2019acc\u00e8s et de rectification conform\u00e9ment \u00e0 la loi fran\u00e7aise Informatique et Libert\u00e9 n\u00b0 78-17 du 6 janvier 1978. Vous pouvez exercer ce droit aupr\u00e8s de <a href=\"mailto:cesitech.sante@ch-chalon71.fr\">cesitech.sante@ch-chalon71.fr<\/a>.<\/p>\n<h3>S\u00e9curit\u00e9<\/h3>\n<p>Nous prenons toutes les pr\u00e9cautions utiles afin de pr\u00e9server l\u2019int\u00e9grit\u00e9 des donn\u00e9es, leur confidentialit\u00e9 et emp\u00eacher toute communication \u00e0 des tiers non autoris\u00e9s.<\/p>\n","protected":false},"excerpt":{"rendered":"<p>L\u2019utilisation de ce site Web constitue votre acceptation des conditions g\u00e9n\u00e9rales et mentions d\u2019avertissement. Vous vous engagez \u00e0 ne pas utiliser ce site \u00e0 des fins illicites ou interdites par les lois ou par les mentions l\u00e9gales et contractuelles. Directeur de publication : CESITECH Centre Hospitalier de Chalon-sur-Sa\u00f4ne 4, rue Capitaine Drillien CS 80120 71321 [&hellip;]<\/p>\n","protected":false},"author":1,"featured_media":0,"parent":0,"menu_order":0,"comment_status":"closed","ping_status":"closed","template":"","meta":{"_acf_changed":false,"footnotes":""},"class_list":["post-251","page","type-page","status-publish","hentry"],"acf":[],"_links":{"self":[{"href":"https:\/\/www.ch-chalon71.fr\/cesu\/wp-json\/wp\/v2\/pages\/251","targetHints":{"allow":["GET"]}}],"collection":[{"href":"https:\/\/www.ch-chalon71.fr\/cesu\/wp-json\/wp\/v2\/pages"}],"about":[{"href":"https:\/\/www.ch-chalon71.fr\/cesu\/wp-json\/wp\/v2\/types\/page"}],"author":[{"embeddable":true,"href":"https:\/\/www.ch-chalon71.fr\/cesu\/wp-json\/wp\/v2\/users\/1"}],"replies":[{"embeddable":true,"href":"https:\/\/www.ch-chalon71.fr\/cesu\/wp-json\/wp\/v2\/comments?post=251"}],"version-history":[{"count":1,"href":"https:\/\/www.ch-chalon71.fr\/cesu\/wp-json\/wp\/v2\/pages\/251\/revisions"}],"predecessor-version":[{"id":252,"href":"https:\/\/www.ch-chalon71.fr\/cesu\/wp-json\/wp\/v2\/pages\/251\/revisions\/252"}],"wp:attachment":[{"href":"https:\/\/www.ch-chalon71.fr\/cesu\/wp-json\/wp\/v2\/media?parent=251"}],"curies":[{"name":"wp","href":"https:\/\/api.w.org\/{rel}","templated":true}]}}