{"id":86,"date":"2017-09-21T10:23:45","date_gmt":"2017-09-21T08:23:45","guid":{"rendered":"http:\/\/137.74.172.63\/Abygail-Mathieu\/?page_id=86"},"modified":"2017-09-29T11:07:35","modified_gmt":"2017-09-29T09:07:35","slug":"mentions-legales","status":"publish","type":"page","link":"https:\/\/www.ch-chalon71.fr\/abigail-mathieu\/mentions-legales\/","title":{"rendered":"Mentions l\u00e9gales"},"content":{"rendered":"<p>Les mentions l\u00e9gales obligatoires concernant l&rsquo;association Abiga\u00efl Mathieu sont indiqu\u00e9es sur cette page conform\u00e9ment \u00e0 la loi pour la confiance dans l\u2019\u00e9conomie num\u00e9rique (LCEN) de juin 2004.<\/p>\n<h3>Directrice de la publication<\/h3>\n<p>Fran\u00e7oise RASLOVLEFF<br \/>\nfraslovleff@yahoo.fr<\/p>\n<h3>Prestataire d\u2019h\u00e9bergement<\/h3>\n<p>SAS OVH<br \/>\n2 rue Kellermann<br \/>\n59100 Roubaix \u2013 France<br \/>\nTel.\u00a01007<\/p>\n<h3>Liens hypertextes<\/h3>\n<p>La mise en place d\u2019un lien hypertexte vers le site de l&rsquo;association Abiga\u00efl Mathieu ne n\u00e9cessite pas d\u2019autorisation pr\u00e9alable et \u00e9crite de l&rsquo;association. N\u00e9anmoins, l&rsquo;association Abiga\u00efl Mathieu doit en \u00eatre inform\u00e9 dans un d\u00e9lai maximum de 30 jours apr\u00e8s la mise en place du lien.<\/p>\n<p>En tout \u00e9tat de cause, l&rsquo;association Abiga\u00efl Mathieu n\u2019est en aucun cas tenue responsable du contenu ainsi que des produits ou services propos\u00e9s sur les sites auxquels le sitel de l&rsquo;association Abiga\u00efl Mathieu se trouverait li\u00e9 par des liens hypertextes ou tout autre type de lien.<\/p>\n<h3>Droits de propri\u00e9t\u00e9 intellectuelle<\/h3>\n<p>l&rsquo;association Abiga\u00efl Mathieu avise les utilisateurs de ce site que de nombreux \u00e9l\u00e9ments de ce site :<br \/>\na) sont prot\u00e9g\u00e9s par la l\u00e9gislation sur le droit d\u2019auteur : ce peut \u00eatre notamment le cas des photographies, des articles, des dessins, des s\u00e9quences anim\u00e9es,\u2026 ;<br \/>\nb) et\/ou sont prot\u00e9g\u00e9s par la l\u00e9gislation sur les dessins et mod\u00e8les ;<br \/>\nc) sont prot\u00e9g\u00e9s par la l\u00e9gislation sur les marques.<\/p>\n<p>Les \u00e9l\u00e9ments ainsi prot\u00e9g\u00e9s sont la propri\u00e9t\u00e9 de l&rsquo;association Abiga\u00efl Mathieu ou de tiers ayant autoris\u00e9 l&rsquo;association Abiga\u00efl Mathieu \u00e0 les exploiter.<\/p>\n<p>Toute reproduction, repr\u00e9sentation, utilisation, adaptation, modification, incorporation, traduction, commercialisation, partielles ou int\u00e9grales par quelque proc\u00e9d\u00e9 et sur quelque support que ce soit (papier, num\u00e9rique, \u2026) sont interdites, sans l\u2019autorisation \u00e9crite pr\u00e9alable de l&rsquo;association Abiga\u00efl Mathieu, hormis les exceptions vis\u00e9es \u00e0 l\u2019article L 122.5 du Code de la Propri\u00e9t\u00e9 Intellectuelle, sous peine de constituer un d\u00e9lit de contrefa\u00e7on de droit d\u2019auteur et\/ou de dessins et mod\u00e8les et\/ou de marque, puni de deux ans d\u2019emprisonnement et de 150 000\u20ac d\u2019amende.<\/p>\n<h3>Limitation de responsabilit\u00e9<\/h3>\n<p>Vous utilisez le site de l&rsquo;association Abiga\u00efl Mathieu sous votre seule et enti\u00e8re responsabilit\u00e9. L&rsquo;association Abiga\u00efl Mathieu ne pourra \u00eatre tenu pour responsable des dommages directs ou indirects, tels que, notamment, pr\u00e9judice mat\u00e9riel, pertes de donn\u00e9es ou de programme, pr\u00e9judice financier, r\u00e9sultant de l\u2019utilisation de ce site ou de sites qui lui sont li\u00e9s.<\/p>\n<h3>Mise \u00e0 jour<\/h3>\n<p>L&rsquo;association Abiga\u00efl Mathieu se r\u00e9serve le droit de modifier et de mettre \u00e0 jour, sans pr\u00e9avis, les pr\u00e9sentes mentions l\u00e9gales et tous les \u00e9l\u00e9ments, produits pr\u00e9sent\u00e9s sur le site. L\u2019ensemble de ces modifications s\u2019impose aux internautes qui doivent consulter les pr\u00e9sentes Conditions G\u00e9n\u00e9rales lors de chaque connexion.<\/p>\n<h3>Donn\u00e9es statistiques de suivi<\/h3>\n<p>Nous utilisons les donn\u00e9es de connexion pour nos statistiques de consultation (type de navigateur, nombre de visiteurs, rubriques visit\u00e9es\u2026) pour l\u2019optimisation de notre site en terme de rubriques et de navigation, mais ces informations ne sont pas transmises \u00e0 des tiers.<\/p>\n<h3>La reproduction sur support papier<\/h3>\n<p>A l\u2019exception de l\u2019iconographie, la reproduction des pages de ce site sur un support papier est autoris\u00e9e, sous r\u00e9serve du respect des trois conditions suivantes :<\/p>\n<p>\u2013 Gratuit\u00e9 de la diffusion<br \/>\n\u2013 Respect de l\u2019int\u00e9grit\u00e9 des documents reproduits (aucune modification, ni alt\u00e9ration d\u2019aucune sorte)<br \/>\n\u2013 Citation explicite du site de l&rsquo;association Abiga\u00efl Mathieu comme source et mention que les droits de reproduction sont r\u00e9serv\u00e9s et strictement limit\u00e9es<\/p>\n","protected":false},"excerpt":{"rendered":"<p>Les mentions l\u00e9gales obligatoires concernant l&rsquo;association Abiga\u00efl Mathieu sont indiqu\u00e9es sur cette page conform\u00e9ment \u00e0 la loi pour la confiance dans l\u2019\u00e9conomie num\u00e9rique (LCEN) de juin 2004. Directrice de la publication Fran\u00e7oise RASLOVLEFF fraslovleff@yahoo.fr Prestataire d\u2019h\u00e9bergement SAS OVH 2 rue Kellermann 59100 Roubaix \u2013 France Tel.\u00a01007 Liens hypertextes La mise en place d\u2019un lien hypertexte [&hellip;]<\/p>\n","protected":false},"author":1,"featured_media":0,"parent":0,"menu_order":0,"comment_status":"closed","ping_status":"closed","template":"","meta":{"_acf_changed":false,"footnotes":""},"class_list":["post-86","page","type-page","status-publish","hentry"],"acf":[],"yoast_head":"<!-- This site is optimized with the Yoast SEO plugin v26.6 - https:\/\/yoast.com\/wordpress\/plugins\/seo\/ -->\n<title>Mentions l\u00e9gales - Abiga\u00efl-Mathieu<\/title>\n<meta name=\"robots\" content=\"index, follow, max-snippet:-1, max-image-preview:large, max-video-preview:-1\" \/>\n<link rel=\"canonical\" href=\"https:\/\/www.ch-chalon71.fr\/abigail-mathieu\/mentions-legales\/\" \/>\n<meta property=\"og:locale\" content=\"fr_FR\" \/>\n<meta property=\"og:type\" content=\"article\" \/>\n<meta property=\"og:title\" content=\"Mentions l\u00e9gales - Abiga\u00efl-Mathieu\" \/>\n<meta property=\"og:description\" content=\"Les mentions l\u00e9gales obligatoires concernant l&rsquo;association Abiga\u00efl Mathieu sont indiqu\u00e9es sur cette page conform\u00e9ment \u00e0 la loi pour la confiance dans l\u2019\u00e9conomie num\u00e9rique (LCEN) de juin 2004. Directrice de la publication Fran\u00e7oise RASLOVLEFF fraslovleff@yahoo.fr Prestataire d\u2019h\u00e9bergement SAS OVH 2 rue Kellermann 59100 Roubaix \u2013 France Tel.\u00a01007 Liens hypertextes La mise en place d\u2019un lien hypertexte [&hellip;]\" \/>\n<meta property=\"og:url\" content=\"https:\/\/www.ch-chalon71.fr\/abigail-mathieu\/mentions-legales\/\" \/>\n<meta property=\"og:site_name\" content=\"Abiga\u00efl-Mathieu\" \/>\n<meta property=\"article:modified_time\" content=\"2017-09-29T09:07:35+00:00\" \/>\n<meta name=\"twitter:card\" content=\"summary_large_image\" \/>\n<meta name=\"twitter:label1\" content=\"Dur\u00e9e de lecture estim\u00e9e\" \/>\n\t<meta name=\"twitter:data1\" content=\"3 minutes\" \/>\n<script type=\"application\/ld+json\" class=\"yoast-schema-graph\">{\"@context\":\"https:\/\/schema.org\",\"@graph\":[{\"@type\":\"WebPage\",\"@id\":\"https:\/\/www.ch-chalon71.fr\/abigail-mathieu\/mentions-legales\/\",\"url\":\"https:\/\/www.ch-chalon71.fr\/abigail-mathieu\/mentions-legales\/\",\"name\":\"Mentions l\u00e9gales - Abiga\u00efl-Mathieu\",\"isPartOf\":{\"@id\":\"https:\/\/www.ch-chalon71.fr\/abigail-mathieu\/#website\"},\"datePublished\":\"2017-09-21T08:23:45+00:00\",\"dateModified\":\"2017-09-29T09:07:35+00:00\",\"breadcrumb\":{\"@id\":\"https:\/\/www.ch-chalon71.fr\/abigail-mathieu\/mentions-legales\/#breadcrumb\"},\"inLanguage\":\"fr-FR\",\"potentialAction\":[{\"@type\":\"ReadAction\",\"target\":[\"https:\/\/www.ch-chalon71.fr\/abigail-mathieu\/mentions-legales\/\"]}]},{\"@type\":\"BreadcrumbList\",\"@id\":\"https:\/\/www.ch-chalon71.fr\/abigail-mathieu\/mentions-legales\/#breadcrumb\",\"itemListElement\":[{\"@type\":\"ListItem\",\"position\":1,\"name\":\"Home\",\"item\":\"https:\/\/www.ch-chalon71.fr\/abigail-mathieu\/\"},{\"@type\":\"ListItem\",\"position\":2,\"name\":\"Mentions l\u00e9gales\"}]},{\"@type\":\"WebSite\",\"@id\":\"https:\/\/www.ch-chalon71.fr\/abigail-mathieu\/#website\",\"url\":\"https:\/\/www.ch-chalon71.fr\/abigail-mathieu\/\",\"name\":\"Abiga\u00efl-Mathieu\",\"description\":\"Un site utilisant WordPress\",\"potentialAction\":[{\"@type\":\"SearchAction\",\"target\":{\"@type\":\"EntryPoint\",\"urlTemplate\":\"https:\/\/www.ch-chalon71.fr\/abigail-mathieu\/?s={search_term_string}\"},\"query-input\":{\"@type\":\"PropertyValueSpecification\",\"valueRequired\":true,\"valueName\":\"search_term_string\"}}],\"inLanguage\":\"fr-FR\"}]}<\/script>\n<!-- \/ Yoast SEO plugin. -->","yoast_head_json":{"title":"Mentions l\u00e9gales - Abiga\u00efl-Mathieu","robots":{"index":"index","follow":"follow","max-snippet":"max-snippet:-1","max-image-preview":"max-image-preview:large","max-video-preview":"max-video-preview:-1"},"canonical":"https:\/\/www.ch-chalon71.fr\/abigail-mathieu\/mentions-legales\/","og_locale":"fr_FR","og_type":"article","og_title":"Mentions l\u00e9gales - Abiga\u00efl-Mathieu","og_description":"Les mentions l\u00e9gales obligatoires concernant l&rsquo;association Abiga\u00efl Mathieu sont indiqu\u00e9es sur cette page conform\u00e9ment \u00e0 la loi pour la confiance dans l\u2019\u00e9conomie num\u00e9rique (LCEN) de juin 2004. Directrice de la publication Fran\u00e7oise RASLOVLEFF fraslovleff@yahoo.fr Prestataire d\u2019h\u00e9bergement SAS OVH 2 rue Kellermann 59100 Roubaix \u2013 France Tel.\u00a01007 Liens hypertextes La mise en place d\u2019un lien hypertexte [&hellip;]","og_url":"https:\/\/www.ch-chalon71.fr\/abigail-mathieu\/mentions-legales\/","og_site_name":"Abiga\u00efl-Mathieu","article_modified_time":"2017-09-29T09:07:35+00:00","twitter_card":"summary_large_image","twitter_misc":{"Dur\u00e9e de lecture estim\u00e9e":"3 minutes"},"schema":{"@context":"https:\/\/schema.org","@graph":[{"@type":"WebPage","@id":"https:\/\/www.ch-chalon71.fr\/abigail-mathieu\/mentions-legales\/","url":"https:\/\/www.ch-chalon71.fr\/abigail-mathieu\/mentions-legales\/","name":"Mentions l\u00e9gales - Abiga\u00efl-Mathieu","isPartOf":{"@id":"https:\/\/www.ch-chalon71.fr\/abigail-mathieu\/#website"},"datePublished":"2017-09-21T08:23:45+00:00","dateModified":"2017-09-29T09:07:35+00:00","breadcrumb":{"@id":"https:\/\/www.ch-chalon71.fr\/abigail-mathieu\/mentions-legales\/#breadcrumb"},"inLanguage":"fr-FR","potentialAction":[{"@type":"ReadAction","target":["https:\/\/www.ch-chalon71.fr\/abigail-mathieu\/mentions-legales\/"]}]},{"@type":"BreadcrumbList","@id":"https:\/\/www.ch-chalon71.fr\/abigail-mathieu\/mentions-legales\/#breadcrumb","itemListElement":[{"@type":"ListItem","position":1,"name":"Home","item":"https:\/\/www.ch-chalon71.fr\/abigail-mathieu\/"},{"@type":"ListItem","position":2,"name":"Mentions l\u00e9gales"}]},{"@type":"WebSite","@id":"https:\/\/www.ch-chalon71.fr\/abigail-mathieu\/#website","url":"https:\/\/www.ch-chalon71.fr\/abigail-mathieu\/","name":"Abiga\u00efl-Mathieu","description":"Un site utilisant WordPress","potentialAction":[{"@type":"SearchAction","target":{"@type":"EntryPoint","urlTemplate":"https:\/\/www.ch-chalon71.fr\/abigail-mathieu\/?s={search_term_string}"},"query-input":{"@type":"PropertyValueSpecification","valueRequired":true,"valueName":"search_term_string"}}],"inLanguage":"fr-FR"}]}},"_links":{"self":[{"href":"https:\/\/www.ch-chalon71.fr\/abigail-mathieu\/wp-json\/wp\/v2\/pages\/86","targetHints":{"allow":["GET"]}}],"collection":[{"href":"https:\/\/www.ch-chalon71.fr\/abigail-mathieu\/wp-json\/wp\/v2\/pages"}],"about":[{"href":"https:\/\/www.ch-chalon71.fr\/abigail-mathieu\/wp-json\/wp\/v2\/types\/page"}],"author":[{"embeddable":true,"href":"https:\/\/www.ch-chalon71.fr\/abigail-mathieu\/wp-json\/wp\/v2\/users\/1"}],"replies":[{"embeddable":true,"href":"https:\/\/www.ch-chalon71.fr\/abigail-mathieu\/wp-json\/wp\/v2\/comments?post=86"}],"version-history":[{"count":8,"href":"https:\/\/www.ch-chalon71.fr\/abigail-mathieu\/wp-json\/wp\/v2\/pages\/86\/revisions"}],"predecessor-version":[{"id":160,"href":"https:\/\/www.ch-chalon71.fr\/abigail-mathieu\/wp-json\/wp\/v2\/pages\/86\/revisions\/160"}],"wp:attachment":[{"href":"https:\/\/www.ch-chalon71.fr\/abigail-mathieu\/wp-json\/wp\/v2\/media?parent=86"}],"curies":[{"name":"wp","href":"https:\/\/api.w.org\/{rel}","templated":true}]}}