{"id":76,"date":"2017-09-21T09:52:30","date_gmt":"2017-09-21T07:52:30","guid":{"rendered":"http:\/\/137.74.172.63\/Abygail-Mathieu\/?page_id=76"},"modified":"2019-10-18T10:02:06","modified_gmt":"2019-10-18T08:02:06","slug":"faites-un-don","status":"publish","type":"page","link":"https:\/\/www.ch-chalon71.fr\/abigail-mathieu\/faites-un-don\/","title":{"rendered":"Faites un don"},"content":{"rendered":"<h2>Faites un don pour sauver la salle des \u00e9tains<\/h2>\n<p>L&rsquo;association Abiga\u00efl Mathieu a besoin de votre aide pour assurer ses missions de conservation du patrimoine hospitalier ancien. Venez nous aider \u00e0 sauver la salle des \u00e9tains !<br \/>\nVous pouvez faire un don pour sauver la salle et cela vous donne le droit \u00e0 une r\u00e9duction d&rsquo;imp\u00f4t sur le revenu de 66% et de 60% sur l&rsquo;imp\u00f4t des soci\u00e9t\u00e9s.<\/p>\n<p><a href=\"http:\/\/www.ch-chalon71.fr\/abigail-mathieu\/wp-content\/uploads\/2019\/10\/Bon-de-souscription-restauration-de-la-salle-des-\u00e9tains.pdf\">Bon de souscription restauration de la salle des \u00e9tains<\/a><\/p>\n<p>&nbsp;<\/p>\n","protected":false},"excerpt":{"rendered":"<p>Faites un don pour sauver la salle des \u00e9tains L&rsquo;association Abiga\u00efl Mathieu a besoin de votre aide pour assurer ses missions de conservation du patrimoine hospitalier ancien. Venez nous aider \u00e0 sauver la salle des \u00e9tains ! Vous pouvez faire un don pour sauver la salle et cela vous donne le droit \u00e0 une r\u00e9duction [&hellip;]<\/p>\n","protected":false},"author":1,"featured_media":0,"parent":0,"menu_order":0,"comment_status":"closed","ping_status":"closed","template":"","meta":{"_acf_changed":false,"footnotes":""},"class_list":["post-76","page","type-page","status-publish","hentry"],"acf":[],"yoast_head":"<!-- This site is optimized with the Yoast SEO plugin v26.6 - https:\/\/yoast.com\/wordpress\/plugins\/seo\/ -->\n<title>Faites un don pour sauver la salle des \u00e9tains<\/title>\n<meta name=\"description\" content=\"Faites un don pour sauver la salle des \u00e9tains\" \/>\n<meta name=\"robots\" content=\"index, follow, max-snippet:-1, max-image-preview:large, max-video-preview:-1\" \/>\n<link rel=\"canonical\" href=\"https:\/\/www.ch-chalon71.fr\/abigail-mathieu\/faites-un-don\/\" \/>\n<meta property=\"og:locale\" content=\"fr_FR\" \/>\n<meta property=\"og:type\" content=\"article\" \/>\n<meta property=\"og:title\" content=\"Faites un don pour sauver la salle des \u00e9tains\" \/>\n<meta property=\"og:description\" content=\"Faites un don pour sauver la salle des \u00e9tains\" \/>\n<meta property=\"og:url\" content=\"https:\/\/www.ch-chalon71.fr\/abigail-mathieu\/faites-un-don\/\" \/>\n<meta property=\"og:site_name\" content=\"Abiga\u00efl-Mathieu\" \/>\n<meta property=\"article:modified_time\" content=\"2019-10-18T08:02:06+00:00\" \/>\n<meta name=\"twitter:card\" content=\"summary_large_image\" \/>\n<script type=\"application\/ld+json\" class=\"yoast-schema-graph\">{\"@context\":\"https:\/\/schema.org\",\"@graph\":[{\"@type\":\"WebPage\",\"@id\":\"https:\/\/www.ch-chalon71.fr\/abigail-mathieu\/faites-un-don\/\",\"url\":\"https:\/\/www.ch-chalon71.fr\/abigail-mathieu\/faites-un-don\/\",\"name\":\"Faites un don pour sauver la salle des \u00e9tains\",\"isPartOf\":{\"@id\":\"https:\/\/www.ch-chalon71.fr\/abigail-mathieu\/#website\"},\"datePublished\":\"2017-09-21T07:52:30+00:00\",\"dateModified\":\"2019-10-18T08:02:06+00:00\",\"description\":\"Faites un don pour sauver la salle des \u00e9tains\",\"breadcrumb\":{\"@id\":\"https:\/\/www.ch-chalon71.fr\/abigail-mathieu\/faites-un-don\/#breadcrumb\"},\"inLanguage\":\"fr-FR\",\"potentialAction\":[{\"@type\":\"ReadAction\",\"target\":[\"https:\/\/www.ch-chalon71.fr\/abigail-mathieu\/faites-un-don\/\"]}]},{\"@type\":\"BreadcrumbList\",\"@id\":\"https:\/\/www.ch-chalon71.fr\/abigail-mathieu\/faites-un-don\/#breadcrumb\",\"itemListElement\":[{\"@type\":\"ListItem\",\"position\":1,\"name\":\"Home\",\"item\":\"https:\/\/www.ch-chalon71.fr\/abigail-mathieu\/\"},{\"@type\":\"ListItem\",\"position\":2,\"name\":\"Faites un don\"}]},{\"@type\":\"WebSite\",\"@id\":\"https:\/\/www.ch-chalon71.fr\/abigail-mathieu\/#website\",\"url\":\"https:\/\/www.ch-chalon71.fr\/abigail-mathieu\/\",\"name\":\"Abiga\u00efl-Mathieu\",\"description\":\"Un site utilisant WordPress\",\"potentialAction\":[{\"@type\":\"SearchAction\",\"target\":{\"@type\":\"EntryPoint\",\"urlTemplate\":\"https:\/\/www.ch-chalon71.fr\/abigail-mathieu\/?s={search_term_string}\"},\"query-input\":{\"@type\":\"PropertyValueSpecification\",\"valueRequired\":true,\"valueName\":\"search_term_string\"}}],\"inLanguage\":\"fr-FR\"}]}<\/script>\n<!-- \/ Yoast SEO plugin. -->","yoast_head_json":{"title":"Faites un don pour sauver la salle des \u00e9tains","description":"Faites un don pour sauver la salle des \u00e9tains","robots":{"index":"index","follow":"follow","max-snippet":"max-snippet:-1","max-image-preview":"max-image-preview:large","max-video-preview":"max-video-preview:-1"},"canonical":"https:\/\/www.ch-chalon71.fr\/abigail-mathieu\/faites-un-don\/","og_locale":"fr_FR","og_type":"article","og_title":"Faites un don pour sauver la salle des \u00e9tains","og_description":"Faites un don pour sauver la salle des \u00e9tains","og_url":"https:\/\/www.ch-chalon71.fr\/abigail-mathieu\/faites-un-don\/","og_site_name":"Abiga\u00efl-Mathieu","article_modified_time":"2019-10-18T08:02:06+00:00","twitter_card":"summary_large_image","schema":{"@context":"https:\/\/schema.org","@graph":[{"@type":"WebPage","@id":"https:\/\/www.ch-chalon71.fr\/abigail-mathieu\/faites-un-don\/","url":"https:\/\/www.ch-chalon71.fr\/abigail-mathieu\/faites-un-don\/","name":"Faites un don pour sauver la salle des \u00e9tains","isPartOf":{"@id":"https:\/\/www.ch-chalon71.fr\/abigail-mathieu\/#website"},"datePublished":"2017-09-21T07:52:30+00:00","dateModified":"2019-10-18T08:02:06+00:00","description":"Faites un don pour sauver la salle des \u00e9tains","breadcrumb":{"@id":"https:\/\/www.ch-chalon71.fr\/abigail-mathieu\/faites-un-don\/#breadcrumb"},"inLanguage":"fr-FR","potentialAction":[{"@type":"ReadAction","target":["https:\/\/www.ch-chalon71.fr\/abigail-mathieu\/faites-un-don\/"]}]},{"@type":"BreadcrumbList","@id":"https:\/\/www.ch-chalon71.fr\/abigail-mathieu\/faites-un-don\/#breadcrumb","itemListElement":[{"@type":"ListItem","position":1,"name":"Home","item":"https:\/\/www.ch-chalon71.fr\/abigail-mathieu\/"},{"@type":"ListItem","position":2,"name":"Faites un don"}]},{"@type":"WebSite","@id":"https:\/\/www.ch-chalon71.fr\/abigail-mathieu\/#website","url":"https:\/\/www.ch-chalon71.fr\/abigail-mathieu\/","name":"Abiga\u00efl-Mathieu","description":"Un site utilisant WordPress","potentialAction":[{"@type":"SearchAction","target":{"@type":"EntryPoint","urlTemplate":"https:\/\/www.ch-chalon71.fr\/abigail-mathieu\/?s={search_term_string}"},"query-input":{"@type":"PropertyValueSpecification","valueRequired":true,"valueName":"search_term_string"}}],"inLanguage":"fr-FR"}]}},"_links":{"self":[{"href":"https:\/\/www.ch-chalon71.fr\/abigail-mathieu\/wp-json\/wp\/v2\/pages\/76","targetHints":{"allow":["GET"]}}],"collection":[{"href":"https:\/\/www.ch-chalon71.fr\/abigail-mathieu\/wp-json\/wp\/v2\/pages"}],"about":[{"href":"https:\/\/www.ch-chalon71.fr\/abigail-mathieu\/wp-json\/wp\/v2\/types\/page"}],"author":[{"embeddable":true,"href":"https:\/\/www.ch-chalon71.fr\/abigail-mathieu\/wp-json\/wp\/v2\/users\/1"}],"replies":[{"embeddable":true,"href":"https:\/\/www.ch-chalon71.fr\/abigail-mathieu\/wp-json\/wp\/v2\/comments?post=76"}],"version-history":[{"count":11,"href":"https:\/\/www.ch-chalon71.fr\/abigail-mathieu\/wp-json\/wp\/v2\/pages\/76\/revisions"}],"predecessor-version":[{"id":487,"href":"https:\/\/www.ch-chalon71.fr\/abigail-mathieu\/wp-json\/wp\/v2\/pages\/76\/revisions\/487"}],"wp:attachment":[{"href":"https:\/\/www.ch-chalon71.fr\/abigail-mathieu\/wp-json\/wp\/v2\/media?parent=76"}],"curies":[{"name":"wp","href":"https:\/\/api.w.org\/{rel}","templated":true}]}}