{"id":72,"date":"2017-09-21T09:51:29","date_gmt":"2017-09-21T07:51:29","guid":{"rendered":"http:\/\/137.74.172.63\/Abygail-Mathieu\/?page_id=72"},"modified":"2021-03-16T15:15:37","modified_gmt":"2021-03-16T14:15:37","slug":"association-abigail-mathieu-missions","status":"publish","type":"page","link":"https:\/\/www.ch-chalon71.fr\/abigail-mathieu\/association-abigail-mathieu-missions\/","title":{"rendered":"L\u2019ASSOCIATION ABIGA\u00cfL MATHIEU ET SES MISSIONS"},"content":{"rendered":"<p>Cr\u00e9\u00e9e en 1987 sous l&rsquo;impulsion de Madame le docteur Novarina et du directeur de l&rsquo;h\u00f4pital de l&rsquo;\u00e9poque, l&rsquo;association Abiga\u00efl Mathieu regroupe l&rsquo;ensemble des personnes s&rsquo;int\u00e9ressant au pass\u00e9 de l&rsquo;ancien h\u00f4pital de Chalon-sur-Sa\u00f4ne. L&rsquo;association s&rsquo;est donn\u00e9e pour missions de prot\u00e9ger, g\u00e9rer et mettre en valeur le patrimoine architectural, mobilier et documentaire dont l&rsquo;h\u00f4pital a h\u00e9rit\u00e9.<\/p>\n<p>L&rsquo;association a pris le nom d&rsquo;Abiga\u00efl Mathieu (1563-1638) en souvenir d&rsquo;une riche chalonnaise qui fit de nombreux dons \u00e0 l&rsquo;h\u00f4pital.<\/p>\n<p><img loading=\"lazy\" decoding=\"async\" class=\"alignnone size-medium wp-image-248\" src=\"http:\/\/www.ch-chalon71.fr\/abigail-mathieu\/wp-content\/uploads\/2017\/12\/MG_9533-Abiga\u00efl-Mathieu-piffaut-248x300.jpg\" alt=\"\" width=\"248\" height=\"300\" srcset=\"https:\/\/www.ch-chalon71.fr\/abigail-mathieu\/wp-content\/uploads\/2017\/12\/MG_9533-Abiga\u00efl-Mathieu-piffaut-248x300.jpg 248w, https:\/\/www.ch-chalon71.fr\/abigail-mathieu\/wp-content\/uploads\/2017\/12\/MG_9533-Abiga\u00efl-Mathieu-piffaut-768x930.jpg 768w, https:\/\/www.ch-chalon71.fr\/abigail-mathieu\/wp-content\/uploads\/2017\/12\/MG_9533-Abiga\u00efl-Mathieu-piffaut-846x1024.jpg 846w\" sizes=\"auto, (max-width: 248px) 100vw, 248px\" \/><\/p>\n<p>L\u2019association est r\u00e9gie par des statuts r\u00e9nov\u00e9s en 2011 pour accompagner les changements survenus : d\u00e9m\u00e9nagement dans le nouvel h\u00f4pital, vente de l\u2019h\u00f4pital Saint- Laurent \u00e0 la Ville de Chalon.<\/p>\n<p>A la cr\u00e9ation de l&rsquo;association, une partie du patrimoine \u00e9tait \u00e0 l&rsquo;abandon dans les greniers et les caves inondables de l&rsquo;h\u00f4pital. Les b\u00e9n\u00e9voles &#8211; passionn\u00e9s et particuli\u00e8rement d\u00e9cid\u00e9s &#8211; ont restaur\u00e9 et remis en \u00e9tat les diff\u00e9rents lieux patrimoniaux<br \/>\naujourd\u2019hui ouverts \u00e0 la visite.<\/p>\n<p>Depuis, elle a poursuivi ce travail par la restauration de nombreuses \u0153uvres d&rsquo;art et s\u2019attache aussi d\u00e9sormais \u00e0 la sauvegarde du patrimoine b\u00e2ti. L\u2019association s\u2019est pr\u00e9occup\u00e9e avec la Ville et la Fondation du Patrimoine de la restauration du toit de la Pharmacie en lan\u00e7ant une souscription en sept 2013. Elle a recueilli plus de 30 000\u20ac. Les b\u00e9n\u00e9voles ont nettoy\u00e9 tous les objets et la pharmacie a rouvert en juin 2015.<\/p>\n<p>Il s&rsquo;agit d&rsquo;une association r\u00e9gie par la loi du 1er juillet 1901. L\u2019association Abiga\u00efl Mathieu est reconnue d\u2019int\u00e9r\u00eat g\u00e9n\u00e9ral. Elle re\u00e7oit des <a href=\"http:\/\/www.ch-chalon71.fr\/abigail-mathieu\/faites-un-don\/\">dons<\/a><br \/>\net per\u00e7oit des cotisations qui donnent droit \u00e0 des r\u00e9ductions d&rsquo;imp\u00f4t sur le revenu ou sur les soci\u00e9t\u00e9s qui servent \u00e0 financer ses projets en partenariat avec la Ville de Chalon et le Centre hospitalier William Morey.<\/p>\n","protected":false},"excerpt":{"rendered":"<p>Cr\u00e9\u00e9e en 1987 sous l&rsquo;impulsion de Madame le docteur Novarina et du directeur de l&rsquo;h\u00f4pital de l&rsquo;\u00e9poque, l&rsquo;association Abiga\u00efl Mathieu regroupe l&rsquo;ensemble des personnes s&rsquo;int\u00e9ressant au pass\u00e9 de l&rsquo;ancien h\u00f4pital de Chalon-sur-Sa\u00f4ne. L&rsquo;association s&rsquo;est donn\u00e9e pour missions de prot\u00e9ger, g\u00e9rer et mettre en valeur le patrimoine architectural, mobilier et documentaire dont l&rsquo;h\u00f4pital a h\u00e9rit\u00e9. L&rsquo;association [&hellip;]<\/p>\n","protected":false},"author":1,"featured_media":0,"parent":0,"menu_order":0,"comment_status":"closed","ping_status":"closed","template":"","meta":{"_acf_changed":false,"footnotes":""},"class_list":["post-72","page","type-page","status-publish","hentry"],"acf":[],"yoast_head":"<!-- This site is optimized with the Yoast SEO plugin v26.6 - https:\/\/yoast.com\/wordpress\/plugins\/seo\/ -->\n<title>MISSIONS DE L&#039;ASSOCIATION ABIGAIL MATHIEU<\/title>\n<meta name=\"description\" content=\"Explications sur la cr\u00e9ation de l&#039;association et l&#039;\u00e9volution de ses missions\" \/>\n<meta name=\"robots\" content=\"index, follow, max-snippet:-1, max-image-preview:large, max-video-preview:-1\" \/>\n<link rel=\"canonical\" href=\"https:\/\/www.ch-chalon71.fr\/abigail-mathieu\/association-abigail-mathieu-missions\/\" \/>\n<meta property=\"og:locale\" content=\"fr_FR\" \/>\n<meta property=\"og:type\" content=\"article\" \/>\n<meta property=\"og:title\" content=\"MISSIONS DE L&#039;ASSOCIATION ABIGAIL MATHIEU\" \/>\n<meta property=\"og:description\" content=\"Explications sur la cr\u00e9ation de l&#039;association et l&#039;\u00e9volution de ses missions\" \/>\n<meta property=\"og:url\" content=\"https:\/\/www.ch-chalon71.fr\/abigail-mathieu\/association-abigail-mathieu-missions\/\" \/>\n<meta property=\"og:site_name\" content=\"Abiga\u00efl-Mathieu\" \/>\n<meta property=\"article:modified_time\" content=\"2021-03-16T14:15:37+00:00\" \/>\n<meta name=\"twitter:card\" content=\"summary_large_image\" \/>\n<meta name=\"twitter:label1\" content=\"Dur\u00e9e de lecture estim\u00e9e\" \/>\n\t<meta name=\"twitter:data1\" content=\"2 minutes\" \/>\n<script type=\"application\/ld+json\" class=\"yoast-schema-graph\">{\"@context\":\"https:\/\/schema.org\",\"@graph\":[{\"@type\":\"WebPage\",\"@id\":\"https:\/\/www.ch-chalon71.fr\/abigail-mathieu\/association-abigail-mathieu-missions\/\",\"url\":\"https:\/\/www.ch-chalon71.fr\/abigail-mathieu\/association-abigail-mathieu-missions\/\",\"name\":\"MISSIONS DE L'ASSOCIATION ABIGAIL MATHIEU\",\"isPartOf\":{\"@id\":\"https:\/\/www.ch-chalon71.fr\/abigail-mathieu\/#website\"},\"datePublished\":\"2017-09-21T07:51:29+00:00\",\"dateModified\":\"2021-03-16T14:15:37+00:00\",\"description\":\"Explications sur la cr\u00e9ation de l'association et l'\u00e9volution de ses missions\",\"breadcrumb\":{\"@id\":\"https:\/\/www.ch-chalon71.fr\/abigail-mathieu\/association-abigail-mathieu-missions\/#breadcrumb\"},\"inLanguage\":\"fr-FR\",\"potentialAction\":[{\"@type\":\"ReadAction\",\"target\":[\"https:\/\/www.ch-chalon71.fr\/abigail-mathieu\/association-abigail-mathieu-missions\/\"]}]},{\"@type\":\"BreadcrumbList\",\"@id\":\"https:\/\/www.ch-chalon71.fr\/abigail-mathieu\/association-abigail-mathieu-missions\/#breadcrumb\",\"itemListElement\":[{\"@type\":\"ListItem\",\"position\":1,\"name\":\"Home\",\"item\":\"https:\/\/www.ch-chalon71.fr\/abigail-mathieu\/\"},{\"@type\":\"ListItem\",\"position\":2,\"name\":\"L\u2019ASSOCIATION ABIGA\u00cfL MATHIEU ET SES MISSIONS\"}]},{\"@type\":\"WebSite\",\"@id\":\"https:\/\/www.ch-chalon71.fr\/abigail-mathieu\/#website\",\"url\":\"https:\/\/www.ch-chalon71.fr\/abigail-mathieu\/\",\"name\":\"Abiga\u00efl-Mathieu\",\"description\":\"Un site utilisant WordPress\",\"potentialAction\":[{\"@type\":\"SearchAction\",\"target\":{\"@type\":\"EntryPoint\",\"urlTemplate\":\"https:\/\/www.ch-chalon71.fr\/abigail-mathieu\/?s={search_term_string}\"},\"query-input\":{\"@type\":\"PropertyValueSpecification\",\"valueRequired\":true,\"valueName\":\"search_term_string\"}}],\"inLanguage\":\"fr-FR\"}]}<\/script>\n<!-- \/ Yoast SEO plugin. -->","yoast_head_json":{"title":"MISSIONS DE L'ASSOCIATION ABIGAIL MATHIEU","description":"Explications sur la cr\u00e9ation de l'association et l'\u00e9volution de ses missions","robots":{"index":"index","follow":"follow","max-snippet":"max-snippet:-1","max-image-preview":"max-image-preview:large","max-video-preview":"max-video-preview:-1"},"canonical":"https:\/\/www.ch-chalon71.fr\/abigail-mathieu\/association-abigail-mathieu-missions\/","og_locale":"fr_FR","og_type":"article","og_title":"MISSIONS DE L'ASSOCIATION ABIGAIL MATHIEU","og_description":"Explications sur la cr\u00e9ation de l'association et l'\u00e9volution de ses missions","og_url":"https:\/\/www.ch-chalon71.fr\/abigail-mathieu\/association-abigail-mathieu-missions\/","og_site_name":"Abiga\u00efl-Mathieu","article_modified_time":"2021-03-16T14:15:37+00:00","twitter_card":"summary_large_image","twitter_misc":{"Dur\u00e9e de lecture estim\u00e9e":"2 minutes"},"schema":{"@context":"https:\/\/schema.org","@graph":[{"@type":"WebPage","@id":"https:\/\/www.ch-chalon71.fr\/abigail-mathieu\/association-abigail-mathieu-missions\/","url":"https:\/\/www.ch-chalon71.fr\/abigail-mathieu\/association-abigail-mathieu-missions\/","name":"MISSIONS DE L'ASSOCIATION ABIGAIL MATHIEU","isPartOf":{"@id":"https:\/\/www.ch-chalon71.fr\/abigail-mathieu\/#website"},"datePublished":"2017-09-21T07:51:29+00:00","dateModified":"2021-03-16T14:15:37+00:00","description":"Explications sur la cr\u00e9ation de l'association et l'\u00e9volution de ses missions","breadcrumb":{"@id":"https:\/\/www.ch-chalon71.fr\/abigail-mathieu\/association-abigail-mathieu-missions\/#breadcrumb"},"inLanguage":"fr-FR","potentialAction":[{"@type":"ReadAction","target":["https:\/\/www.ch-chalon71.fr\/abigail-mathieu\/association-abigail-mathieu-missions\/"]}]},{"@type":"BreadcrumbList","@id":"https:\/\/www.ch-chalon71.fr\/abigail-mathieu\/association-abigail-mathieu-missions\/#breadcrumb","itemListElement":[{"@type":"ListItem","position":1,"name":"Home","item":"https:\/\/www.ch-chalon71.fr\/abigail-mathieu\/"},{"@type":"ListItem","position":2,"name":"L\u2019ASSOCIATION ABIGA\u00cfL MATHIEU ET SES MISSIONS"}]},{"@type":"WebSite","@id":"https:\/\/www.ch-chalon71.fr\/abigail-mathieu\/#website","url":"https:\/\/www.ch-chalon71.fr\/abigail-mathieu\/","name":"Abiga\u00efl-Mathieu","description":"Un site utilisant WordPress","potentialAction":[{"@type":"SearchAction","target":{"@type":"EntryPoint","urlTemplate":"https:\/\/www.ch-chalon71.fr\/abigail-mathieu\/?s={search_term_string}"},"query-input":{"@type":"PropertyValueSpecification","valueRequired":true,"valueName":"search_term_string"}}],"inLanguage":"fr-FR"}]}},"_links":{"self":[{"href":"https:\/\/www.ch-chalon71.fr\/abigail-mathieu\/wp-json\/wp\/v2\/pages\/72","targetHints":{"allow":["GET"]}}],"collection":[{"href":"https:\/\/www.ch-chalon71.fr\/abigail-mathieu\/wp-json\/wp\/v2\/pages"}],"about":[{"href":"https:\/\/www.ch-chalon71.fr\/abigail-mathieu\/wp-json\/wp\/v2\/types\/page"}],"author":[{"embeddable":true,"href":"https:\/\/www.ch-chalon71.fr\/abigail-mathieu\/wp-json\/wp\/v2\/users\/1"}],"replies":[{"embeddable":true,"href":"https:\/\/www.ch-chalon71.fr\/abigail-mathieu\/wp-json\/wp\/v2\/comments?post=72"}],"version-history":[{"count":15,"href":"https:\/\/www.ch-chalon71.fr\/abigail-mathieu\/wp-json\/wp\/v2\/pages\/72\/revisions"}],"predecessor-version":[{"id":510,"href":"https:\/\/www.ch-chalon71.fr\/abigail-mathieu\/wp-json\/wp\/v2\/pages\/72\/revisions\/510"}],"wp:attachment":[{"href":"https:\/\/www.ch-chalon71.fr\/abigail-mathieu\/wp-json\/wp\/v2\/media?parent=72"}],"curies":[{"name":"wp","href":"https:\/\/api.w.org\/{rel}","templated":true}]}}