{"id":442,"date":"2019-07-25T15:57:06","date_gmt":"2019-07-25T13:57:06","guid":{"rendered":"http:\/\/www.ch-chalon71.fr\/abigail-mathieu\/?page_id=442"},"modified":"2020-10-22T15:30:45","modified_gmt":"2020-10-22T13:30:45","slug":"projets-restaurons-salle-etains-voutes-polychromes","status":"publish","type":"page","link":"https:\/\/www.ch-chalon71.fr\/abigail-mathieu\/projets-restaurons-salle-etains-voutes-polychromes\/","title":{"rendered":"Restaurons la salle des \u00e9tains et ses vo\u00fbtes polychromes !"},"content":{"rendered":"<p>La salle des \u00e9tains se trouve dans l\u2019ancien h\u00f4pital sur l\u2019\u00eele Saint-Laurent, fond\u00e9 en 1530 pour accueillir les \u201cpauvres malades\u201d. Ponctuellement, l\u2019hospice a \u00e9galement nourri les indigents de la ville, lorsque la mendicit\u00e9 devenait tr\u00e8s importante \u00e0 Chalon-sur-Sa\u00f4ne. On suppose que les s\u0153urs de Sainte-Marthe ont distribu\u00e9 des repas dans cette salle, situ\u00e9e au bout d\u2019une galerie vo\u00fbt\u00e9e qui d\u00e9butait \u00e0 l\u2019ancienne entr\u00e9e principale (c\u00f4t\u00e9 Sa\u00f4ne) et desservait les salles des malades, les cuisines et le r\u00e9fectoire des s\u0153urs. La salle est garnie de bancs-coffres avec des boiseries datant de la fin du XVII\u00e8me si\u00e8cle.<\/p>\n<p><img loading=\"lazy\" decoding=\"async\" class=\"alignnone size-medium wp-image-441 aligncenter\" src=\"http:\/\/www.ch-chalon71.fr\/abigail-mathieu\/wp-content\/uploads\/2019\/07\/vue-front-sa\u00f4ne-03-300x220.jpg\" alt=\"\" width=\"300\" height=\"220\" srcset=\"https:\/\/www.ch-chalon71.fr\/abigail-mathieu\/wp-content\/uploads\/2019\/07\/vue-front-sa\u00f4ne-03-300x220.jpg 300w, https:\/\/www.ch-chalon71.fr\/abigail-mathieu\/wp-content\/uploads\/2019\/07\/vue-front-sa\u00f4ne-03-768x563.jpg 768w, https:\/\/www.ch-chalon71.fr\/abigail-mathieu\/wp-content\/uploads\/2019\/07\/vue-front-sa\u00f4ne-03-1024x751.jpg 1024w\" sizes=\"auto, (max-width: 300px) 100vw, 300px\" \/><\/p>\n<p>Vue de la fa\u00e7ade c\u00f4t\u00e9 Sa\u00f4ne, avec au centre l\u2019ancien acc\u00e8s principal conduisant \u00e0 la salle des \u00e9tains. <em>Photographie de Pettiot-Groffier, \u00e9preuve albumin\u00e9e, vers 1850, mus\u00e9e Nic\u00e9phore Ni\u00e9pce<\/em><\/p>\n<p>Dans les ann\u00e9es 1950, la salle a \u00e9t\u00e9 r\u00e9am\u00e9nag\u00e9e pour accueillir l\u2019importante collection d\u2019\u00e9tains utilis\u00e9e autrefois \u00e0 l\u2019h\u00f4pital. Chalon-sur-Sa\u00f4ne a accueilli dans ses murs plusieurs ma\u00eetres potiers remarquables (Cl\u00e9ment Mure, Claude Adam) dont le travail peut \u00eatre appr\u00e9ci\u00e9 encore aujourd\u2019hui gr\u00e2ce \u00e0 cette collection. Elle contient des ustensiles concernant l\u2019alimentation (assiettes, \u00e9cuelles \u00e0 oreilles, chauffe-assiettes, plats, pichets, gobelets&#8230;) et les soins (bouillottes, seringues, clyst\u00e8res&#8230;). On utilisait l\u2019\u00e9tain dans les institutions hospitali\u00e8res pour sa l\u00e9g\u00e8ret\u00e9, sa solidit\u00e9 et son faible co\u00fbt, et ce jusqu\u2019au XX\u00e8me si\u00e8cle. Dans cette pi\u00e8ce \u00e9taient aussi accroch\u00e9s des ustensiles en cuivre rouge et en cuivre jaune (XVIII-XIXe si\u00e8cles).<\/p>\n<p style=\"text-align: center\"><img loading=\"lazy\" decoding=\"async\" class=\"alignnone size-medium wp-image-437\" src=\"http:\/\/www.ch-chalon71.fr\/abigail-mathieu\/wp-content\/uploads\/2019\/07\/PICHET-02000475-225x300.jpg\" alt=\"\" width=\"225\" height=\"300\" srcset=\"https:\/\/www.ch-chalon71.fr\/abigail-mathieu\/wp-content\/uploads\/2019\/07\/PICHET-02000475-225x300.jpg 225w, https:\/\/www.ch-chalon71.fr\/abigail-mathieu\/wp-content\/uploads\/2019\/07\/PICHET-02000475-768x1024.jpg 768w, https:\/\/www.ch-chalon71.fr\/abigail-mathieu\/wp-content\/uploads\/2019\/07\/PICHET-02000475.jpg 1200w\" sizes=\"auto, (max-width: 225px) 100vw, 225px\" \/><\/p>\n<p style=\"text-align: center\">Une r\u00e9alisation du ma\u00eetre potier Cl\u00e9ment Mure, de la fin du XVII\u00e8me si\u00e8cle : le pichet de vin conjugue commodit\u00e9 et \u00e9l\u00e9gance avec le sculptage d\u2019une t\u00eate de cygne sur sa anse<\/p>\n<p>Les \u00e9tains \u00e9taient expos\u00e9s dans un grand meuble (long de plus de 6 m\u00e8tres) caract\u00e9ristique du mobilier hospitalier puisqu\u2019il combine trois fonctions : vaisselier, garde-manger et armoire \u00e0 linge. Ce meuble est class\u00e9 Monuments Historiques, notamment, gr\u00e2ce \u00e0 ses importantes dimensions qui font de lui le plus grand meuble de ce type que l\u2019on puisse admirer en Bourgogne.<\/p>\n<p><img loading=\"lazy\" decoding=\"async\" class=\"alignnone size-medium wp-image-439 aligncenter\" src=\"http:\/\/www.ch-chalon71.fr\/abigail-mathieu\/wp-content\/uploads\/2019\/07\/Vaisselier-carte-postale-1932-300x188.jpg\" alt=\"\" width=\"300\" height=\"188\" srcset=\"https:\/\/www.ch-chalon71.fr\/abigail-mathieu\/wp-content\/uploads\/2019\/07\/Vaisselier-carte-postale-1932-300x188.jpg 300w, https:\/\/www.ch-chalon71.fr\/abigail-mathieu\/wp-content\/uploads\/2019\/07\/Vaisselier-carte-postale-1932-768x482.jpg 768w, https:\/\/www.ch-chalon71.fr\/abigail-mathieu\/wp-content\/uploads\/2019\/07\/Vaisselier-carte-postale-1932-1024x642.jpg 1024w\" sizes=\"auto, (max-width: 300px) 100vw, 300px\" \/><\/p>\n<p style=\"text-align: center\">Le grand meuble, au temps o\u00f9 il \u00e9tait situ\u00e9 dans les cuisines. Carte postale de 1932<\/p>\n<p>Des collections aujourd\u2019hui invisibles !<\/p>\n<p><img loading=\"lazy\" decoding=\"async\" class=\"alignnone wp-image-440\" src=\"http:\/\/www.ch-chalon71.fr\/abigail-mathieu\/wp-content\/uploads\/2019\/07\/Vue-de-lint\u00e9rieur-de-la-salle-des-\u00e9tains-199x300.png\" alt=\"\" width=\"150\" height=\"227\" srcset=\"https:\/\/www.ch-chalon71.fr\/abigail-mathieu\/wp-content\/uploads\/2019\/07\/Vue-de-lint\u00e9rieur-de-la-salle-des-\u00e9tains-199x300.png 199w, https:\/\/www.ch-chalon71.fr\/abigail-mathieu\/wp-content\/uploads\/2019\/07\/Vue-de-lint\u00e9rieur-de-la-salle-des-\u00e9tains.png 652w\" sizes=\"auto, (max-width: 150px) 100vw, 150px\" \/> \u00a0 \u00a0 \u00a0 \u00a0 \u00a0<img loading=\"lazy\" decoding=\"async\" class=\"alignnone size-medium wp-image-438\" src=\"http:\/\/www.ch-chalon71.fr\/abigail-mathieu\/wp-content\/uploads\/2019\/07\/travaux-4-300x225.jpg\" alt=\"\" width=\"300\" height=\"225\" srcset=\"https:\/\/www.ch-chalon71.fr\/abigail-mathieu\/wp-content\/uploads\/2019\/07\/travaux-4-300x225.jpg 300w, https:\/\/www.ch-chalon71.fr\/abigail-mathieu\/wp-content\/uploads\/2019\/07\/travaux-4-768x576.jpg 768w, https:\/\/www.ch-chalon71.fr\/abigail-mathieu\/wp-content\/uploads\/2019\/07\/travaux-4-1024x768.jpg 1024w\" sizes=\"auto, (max-width: 300px) 100vw, 300px\" \/><\/p>\n<p>L\u2019\u00e9tat actuel de la salle fait suite \u00e0 la premi\u00e8re s\u00e9rie de travaux effectu\u00e9e en 2016. Cette ann\u00e9e-l\u00e0, on constate une infestation de moisissures et de champignons sur les vo\u00fbtes. Cette infestation, qui venait d\u2019une infiltration dans la toiture, a \u00e9galement endommag\u00e9 les boiseries et le mobilier de la salle. L\u2019infiltration dans la toiture a \u00e9t\u00e9 dans un premier temps colmat\u00e9e et r\u00e9par\u00e9e. Ensuite, le service Architecture et Patrimoine et les Ateliers municipaux ont men\u00e9 une intervention plus p\u00e9renne, en plusieurs \u00e9tapes :<\/p>\n<p>&#8211; Une mesure du climat pour r\u00e9aliser une \u00e9tude pr\u00e9cise des conditions environnementales, qui a abouti \u00e0 la mise en place d\u2019une ventilation efficace ;<\/p>\n<p>&#8211; Le d\u00e9m\u00e9nagement des collections dans le r\u00e9fectoire des Soeurs, apr\u00e8s identification dans l\u2019inventaire, d\u00e9poussi\u00e9rage et emballage ;<\/p>\n<p>&#8211; Le traitement antifongique des ma\u00e7onneries avec un moindre apport d\u2019humidit\u00e9, des locaux adjacents pour \u00e9viter une r\u00e9infestation, des boiseries (apr\u00e8s d\u00e9poussi\u00e9rage)<\/p>\n<p>&#8211; La protection des objets m\u00e9talliques et des ferrures.<\/p>\n<p>Ces premiers travaux ont r\u00e9v\u00e9l\u00e9 l\u2019existence d\u2019un d\u00e9cor de faux appareil rose sur les ar\u00eates des vo\u00fbtes qu\u2019il s\u2019agirait de restaurer, afin que la salle et sa galerie contigu retrouvent leur splendeur originale. Ce type de d\u00e9cor a \u00e9t\u00e9 retrouv\u00e9 dans d\u2019autres \u00e9difices de la r\u00e9gion, comme le ch\u00e2teau Pontus de Tyard \u00e0 Bissy-sur-Fley. A l\u2019issu des travaux, les collections pourront \u00e0 nouveau \u00eatre visibles et la mus\u00e9ographie de la salle repens\u00e9e. On estime au total un co\u00fbt de 62 000 \u20ac HT.<\/p>\n<p>L\u2019association Abiga\u00efl Mathieu lancera en septembre 2019 une souscription publique, en partenariat avec la Fondation du Patrimoine et la ville de Chalon-sur-Sa\u00f4ne, pour financer ces op\u00e9rations. La collecte s\u2019effectuera sur le site internet de la Fondation du Patrimoine ou bien directement aupr\u00e8s de l\u2019association gr\u00e2ce aux bons de souscription distribu\u00e9s sur le territoire du Grand Chalon*.<\/p>\n<p>&nbsp;<\/p>\n<p>*La Fondation du Patrimoine cr\u00e9\u00e9e par la loi du 2 juillet 1996, a \u00e9t\u00e9 reconnue d\u2019utilit\u00e9 publique par d\u00e9cret du 18 avril 1997. Le versement d\u2019un don \u00e0 cet organisme permet de b\u00e9n\u00e9ficier d\u2019un re\u00e7u fiscal. Pour les particuliers, le don est d\u00e9ductible de l\u2019imp\u00f4t sur le revenu \u00e0 hauteur de 66% du don et dans la limite de 20% du revenu imposable. Pour les entreprises, la r\u00e9duction d\u2019imp\u00f4t est de 60% du don, dans la limite de 5% du chiffre d\u2019affaire HT.<\/p>\n<p>&nbsp;<\/p>\n<p>&nbsp;<\/p>\n<p>&nbsp;<\/p>\n<p>&nbsp;<\/p>\n","protected":false},"excerpt":{"rendered":"<p>La salle des \u00e9tains se trouve dans l\u2019ancien h\u00f4pital sur l\u2019\u00eele Saint-Laurent, fond\u00e9 en 1530 pour accueillir les \u201cpauvres malades\u201d. Ponctuellement, l\u2019hospice a \u00e9galement nourri les indigents de la ville, lorsque la mendicit\u00e9 devenait tr\u00e8s importante \u00e0 Chalon-sur-Sa\u00f4ne. On suppose que les s\u0153urs de Sainte-Marthe ont distribu\u00e9 des repas dans cette salle, situ\u00e9e au bout [&hellip;]<\/p>\n","protected":false},"author":3,"featured_media":0,"parent":0,"menu_order":0,"comment_status":"closed","ping_status":"closed","template":"","meta":{"_acf_changed":false,"footnotes":""},"class_list":["post-442","page","type-page","status-publish","hentry"],"acf":[],"yoast_head":"<!-- This site is optimized with the Yoast SEO plugin v26.6 - https:\/\/yoast.com\/wordpress\/plugins\/seo\/ -->\n<title>Restaurons la salle des \u00e9tains et ses vo\u00fbtes polychromes ! - Abiga\u00efl-Mathieu<\/title>\n<meta name=\"robots\" content=\"index, follow, max-snippet:-1, max-image-preview:large, max-video-preview:-1\" \/>\n<link rel=\"canonical\" href=\"https:\/\/www.ch-chalon71.fr\/abigail-mathieu\/projets-restaurons-salle-etains-voutes-polychromes\/\" \/>\n<meta property=\"og:locale\" content=\"fr_FR\" \/>\n<meta property=\"og:type\" content=\"article\" \/>\n<meta property=\"og:title\" content=\"Restaurons la salle des \u00e9tains et ses vo\u00fbtes polychromes ! - Abiga\u00efl-Mathieu\" \/>\n<meta property=\"og:description\" content=\"La salle des \u00e9tains se trouve dans l\u2019ancien h\u00f4pital sur l\u2019\u00eele Saint-Laurent, fond\u00e9 en 1530 pour accueillir les \u201cpauvres malades\u201d. Ponctuellement, l\u2019hospice a \u00e9galement nourri les indigents de la ville, lorsque la mendicit\u00e9 devenait tr\u00e8s importante \u00e0 Chalon-sur-Sa\u00f4ne. On suppose que les s\u0153urs de Sainte-Marthe ont distribu\u00e9 des repas dans cette salle, situ\u00e9e au bout [&hellip;]\" \/>\n<meta property=\"og:url\" content=\"https:\/\/www.ch-chalon71.fr\/abigail-mathieu\/projets-restaurons-salle-etains-voutes-polychromes\/\" \/>\n<meta property=\"og:site_name\" content=\"Abiga\u00efl-Mathieu\" \/>\n<meta property=\"article:modified_time\" content=\"2020-10-22T13:30:45+00:00\" \/>\n<meta property=\"og:image\" content=\"http:\/\/www.ch-chalon71.fr\/abigail-mathieu\/wp-content\/uploads\/2019\/07\/PICHET-02000475-225x300.jpg\" \/>\n<meta name=\"twitter:card\" content=\"summary_large_image\" \/>\n<meta name=\"twitter:label1\" content=\"Dur\u00e9e de lecture estim\u00e9e\" \/>\n\t<meta name=\"twitter:data1\" content=\"4 minutes\" \/>\n<script type=\"application\/ld+json\" class=\"yoast-schema-graph\">{\"@context\":\"https:\/\/schema.org\",\"@graph\":[{\"@type\":\"WebPage\",\"@id\":\"https:\/\/www.ch-chalon71.fr\/abigail-mathieu\/projets-restaurons-salle-etains-voutes-polychromes\/\",\"url\":\"https:\/\/www.ch-chalon71.fr\/abigail-mathieu\/projets-restaurons-salle-etains-voutes-polychromes\/\",\"name\":\"Restaurons la salle des \u00e9tains et ses vo\u00fbtes polychromes ! - Abiga\u00efl-Mathieu\",\"isPartOf\":{\"@id\":\"https:\/\/www.ch-chalon71.fr\/abigail-mathieu\/#website\"},\"primaryImageOfPage\":{\"@id\":\"https:\/\/www.ch-chalon71.fr\/abigail-mathieu\/projets-restaurons-salle-etains-voutes-polychromes\/#primaryimage\"},\"image\":{\"@id\":\"https:\/\/www.ch-chalon71.fr\/abigail-mathieu\/projets-restaurons-salle-etains-voutes-polychromes\/#primaryimage\"},\"thumbnailUrl\":\"http:\/\/www.ch-chalon71.fr\/abigail-mathieu\/wp-content\/uploads\/2019\/07\/PICHET-02000475-225x300.jpg\",\"datePublished\":\"2019-07-25T13:57:06+00:00\",\"dateModified\":\"2020-10-22T13:30:45+00:00\",\"breadcrumb\":{\"@id\":\"https:\/\/www.ch-chalon71.fr\/abigail-mathieu\/projets-restaurons-salle-etains-voutes-polychromes\/#breadcrumb\"},\"inLanguage\":\"fr-FR\",\"potentialAction\":[{\"@type\":\"ReadAction\",\"target\":[\"https:\/\/www.ch-chalon71.fr\/abigail-mathieu\/projets-restaurons-salle-etains-voutes-polychromes\/\"]}]},{\"@type\":\"ImageObject\",\"inLanguage\":\"fr-FR\",\"@id\":\"https:\/\/www.ch-chalon71.fr\/abigail-mathieu\/projets-restaurons-salle-etains-voutes-polychromes\/#primaryimage\",\"url\":\"http:\/\/www.ch-chalon71.fr\/abigail-mathieu\/wp-content\/uploads\/2019\/07\/PICHET-02000475-225x300.jpg\",\"contentUrl\":\"http:\/\/www.ch-chalon71.fr\/abigail-mathieu\/wp-content\/uploads\/2019\/07\/PICHET-02000475-225x300.jpg\"},{\"@type\":\"BreadcrumbList\",\"@id\":\"https:\/\/www.ch-chalon71.fr\/abigail-mathieu\/projets-restaurons-salle-etains-voutes-polychromes\/#breadcrumb\",\"itemListElement\":[{\"@type\":\"ListItem\",\"position\":1,\"name\":\"Home\",\"item\":\"https:\/\/www.ch-chalon71.fr\/abigail-mathieu\/\"},{\"@type\":\"ListItem\",\"position\":2,\"name\":\"Restaurons la salle des \u00e9tains et ses vo\u00fbtes polychromes !\"}]},{\"@type\":\"WebSite\",\"@id\":\"https:\/\/www.ch-chalon71.fr\/abigail-mathieu\/#website\",\"url\":\"https:\/\/www.ch-chalon71.fr\/abigail-mathieu\/\",\"name\":\"Abiga\u00efl-Mathieu\",\"description\":\"Un site utilisant WordPress\",\"potentialAction\":[{\"@type\":\"SearchAction\",\"target\":{\"@type\":\"EntryPoint\",\"urlTemplate\":\"https:\/\/www.ch-chalon71.fr\/abigail-mathieu\/?s={search_term_string}\"},\"query-input\":{\"@type\":\"PropertyValueSpecification\",\"valueRequired\":true,\"valueName\":\"search_term_string\"}}],\"inLanguage\":\"fr-FR\"}]}<\/script>\n<!-- \/ Yoast SEO plugin. -->","yoast_head_json":{"title":"Restaurons la salle des \u00e9tains et ses vo\u00fbtes polychromes ! - Abiga\u00efl-Mathieu","robots":{"index":"index","follow":"follow","max-snippet":"max-snippet:-1","max-image-preview":"max-image-preview:large","max-video-preview":"max-video-preview:-1"},"canonical":"https:\/\/www.ch-chalon71.fr\/abigail-mathieu\/projets-restaurons-salle-etains-voutes-polychromes\/","og_locale":"fr_FR","og_type":"article","og_title":"Restaurons la salle des \u00e9tains et ses vo\u00fbtes polychromes ! - Abiga\u00efl-Mathieu","og_description":"La salle des \u00e9tains se trouve dans l\u2019ancien h\u00f4pital sur l\u2019\u00eele Saint-Laurent, fond\u00e9 en 1530 pour accueillir les \u201cpauvres malades\u201d. Ponctuellement, l\u2019hospice a \u00e9galement nourri les indigents de la ville, lorsque la mendicit\u00e9 devenait tr\u00e8s importante \u00e0 Chalon-sur-Sa\u00f4ne. On suppose que les s\u0153urs de Sainte-Marthe ont distribu\u00e9 des repas dans cette salle, situ\u00e9e au bout [&hellip;]","og_url":"https:\/\/www.ch-chalon71.fr\/abigail-mathieu\/projets-restaurons-salle-etains-voutes-polychromes\/","og_site_name":"Abiga\u00efl-Mathieu","article_modified_time":"2020-10-22T13:30:45+00:00","og_image":[{"url":"http:\/\/www.ch-chalon71.fr\/abigail-mathieu\/wp-content\/uploads\/2019\/07\/PICHET-02000475-225x300.jpg","type":"","width":"","height":""}],"twitter_card":"summary_large_image","twitter_misc":{"Dur\u00e9e de lecture estim\u00e9e":"4 minutes"},"schema":{"@context":"https:\/\/schema.org","@graph":[{"@type":"WebPage","@id":"https:\/\/www.ch-chalon71.fr\/abigail-mathieu\/projets-restaurons-salle-etains-voutes-polychromes\/","url":"https:\/\/www.ch-chalon71.fr\/abigail-mathieu\/projets-restaurons-salle-etains-voutes-polychromes\/","name":"Restaurons la salle des \u00e9tains et ses vo\u00fbtes polychromes ! - Abiga\u00efl-Mathieu","isPartOf":{"@id":"https:\/\/www.ch-chalon71.fr\/abigail-mathieu\/#website"},"primaryImageOfPage":{"@id":"https:\/\/www.ch-chalon71.fr\/abigail-mathieu\/projets-restaurons-salle-etains-voutes-polychromes\/#primaryimage"},"image":{"@id":"https:\/\/www.ch-chalon71.fr\/abigail-mathieu\/projets-restaurons-salle-etains-voutes-polychromes\/#primaryimage"},"thumbnailUrl":"http:\/\/www.ch-chalon71.fr\/abigail-mathieu\/wp-content\/uploads\/2019\/07\/PICHET-02000475-225x300.jpg","datePublished":"2019-07-25T13:57:06+00:00","dateModified":"2020-10-22T13:30:45+00:00","breadcrumb":{"@id":"https:\/\/www.ch-chalon71.fr\/abigail-mathieu\/projets-restaurons-salle-etains-voutes-polychromes\/#breadcrumb"},"inLanguage":"fr-FR","potentialAction":[{"@type":"ReadAction","target":["https:\/\/www.ch-chalon71.fr\/abigail-mathieu\/projets-restaurons-salle-etains-voutes-polychromes\/"]}]},{"@type":"ImageObject","inLanguage":"fr-FR","@id":"https:\/\/www.ch-chalon71.fr\/abigail-mathieu\/projets-restaurons-salle-etains-voutes-polychromes\/#primaryimage","url":"http:\/\/www.ch-chalon71.fr\/abigail-mathieu\/wp-content\/uploads\/2019\/07\/PICHET-02000475-225x300.jpg","contentUrl":"http:\/\/www.ch-chalon71.fr\/abigail-mathieu\/wp-content\/uploads\/2019\/07\/PICHET-02000475-225x300.jpg"},{"@type":"BreadcrumbList","@id":"https:\/\/www.ch-chalon71.fr\/abigail-mathieu\/projets-restaurons-salle-etains-voutes-polychromes\/#breadcrumb","itemListElement":[{"@type":"ListItem","position":1,"name":"Home","item":"https:\/\/www.ch-chalon71.fr\/abigail-mathieu\/"},{"@type":"ListItem","position":2,"name":"Restaurons la salle des \u00e9tains et ses vo\u00fbtes polychromes !"}]},{"@type":"WebSite","@id":"https:\/\/www.ch-chalon71.fr\/abigail-mathieu\/#website","url":"https:\/\/www.ch-chalon71.fr\/abigail-mathieu\/","name":"Abiga\u00efl-Mathieu","description":"Un site utilisant WordPress","potentialAction":[{"@type":"SearchAction","target":{"@type":"EntryPoint","urlTemplate":"https:\/\/www.ch-chalon71.fr\/abigail-mathieu\/?s={search_term_string}"},"query-input":{"@type":"PropertyValueSpecification","valueRequired":true,"valueName":"search_term_string"}}],"inLanguage":"fr-FR"}]}},"_links":{"self":[{"href":"https:\/\/www.ch-chalon71.fr\/abigail-mathieu\/wp-json\/wp\/v2\/pages\/442","targetHints":{"allow":["GET"]}}],"collection":[{"href":"https:\/\/www.ch-chalon71.fr\/abigail-mathieu\/wp-json\/wp\/v2\/pages"}],"about":[{"href":"https:\/\/www.ch-chalon71.fr\/abigail-mathieu\/wp-json\/wp\/v2\/types\/page"}],"author":[{"embeddable":true,"href":"https:\/\/www.ch-chalon71.fr\/abigail-mathieu\/wp-json\/wp\/v2\/users\/3"}],"replies":[{"embeddable":true,"href":"https:\/\/www.ch-chalon71.fr\/abigail-mathieu\/wp-json\/wp\/v2\/comments?post=442"}],"version-history":[{"count":1,"href":"https:\/\/www.ch-chalon71.fr\/abigail-mathieu\/wp-json\/wp\/v2\/pages\/442\/revisions"}],"predecessor-version":[{"id":443,"href":"https:\/\/www.ch-chalon71.fr\/abigail-mathieu\/wp-json\/wp\/v2\/pages\/442\/revisions\/443"}],"wp:attachment":[{"href":"https:\/\/www.ch-chalon71.fr\/abigail-mathieu\/wp-json\/wp\/v2\/media?parent=442"}],"curies":[{"name":"wp","href":"https:\/\/api.w.org\/{rel}","templated":true}]}}