{"id":22,"date":"2017-09-19T16:57:00","date_gmt":"2017-09-19T14:57:00","guid":{"rendered":"http:\/\/137.74.172.63\/Abygail-Mathieu\/?page_id=22"},"modified":"2021-03-16T15:51:49","modified_gmt":"2021-03-16T14:51:49","slug":"nos-partenaires","status":"publish","type":"page","link":"https:\/\/www.ch-chalon71.fr\/abigail-mathieu\/nos-partenaires\/","title":{"rendered":"Nos partenaires"},"content":{"rendered":"<p>L&rsquo;association Abiga\u00efl Mathieu est partenaire du <strong>centre hospitalier William Morey<\/strong> et de la <strong>Ville de Chalon-sur-Sa\u00f4ne<\/strong> avec lesquels elle a sign\u00e9 une convention tripartite pour la sauvegarde et la mise en valeur du patrimoine hospitalier.<\/p>\n<p><img loading=\"lazy\" decoding=\"async\" class=\"alignnone size-medium wp-image-217\" src=\"http:\/\/www.ch-chalon71.fr\/abigail-mathieu\/wp-content\/uploads\/2017\/12\/Logo_chalon-h\u00f4pital-300x49.png\" alt=\"\" width=\"300\" height=\"49\" srcset=\"https:\/\/www.ch-chalon71.fr\/abigail-mathieu\/wp-content\/uploads\/2017\/12\/Logo_chalon-h\u00f4pital-300x49.png 300w, https:\/\/www.ch-chalon71.fr\/abigail-mathieu\/wp-content\/uploads\/2017\/12\/Logo_chalon-h\u00f4pital-768x126.png 768w, https:\/\/www.ch-chalon71.fr\/abigail-mathieu\/wp-content\/uploads\/2017\/12\/Logo_chalon-h\u00f4pital-1024x169.png 1024w\" sizes=\"auto, (max-width: 300px) 100vw, 300px\" \/><\/p>\n<p><img loading=\"lazy\" decoding=\"async\" class=\"alignnone wp-image-219\" src=\"http:\/\/www.ch-chalon71.fr\/abigail-mathieu\/wp-content\/uploads\/2017\/12\/logo-ville-chalon-300x158.jpg\" alt=\"\" width=\"164\" height=\"86\" srcset=\"https:\/\/www.ch-chalon71.fr\/abigail-mathieu\/wp-content\/uploads\/2017\/12\/logo-ville-chalon-300x158.jpg 300w, https:\/\/www.ch-chalon71.fr\/abigail-mathieu\/wp-content\/uploads\/2017\/12\/logo-ville-chalon.jpg 672w\" sizes=\"auto, (max-width: 164px) 100vw, 164px\" \/><\/p>\n<p>L&rsquo;association a des liens privil\u00e9gi\u00e9s avec l&rsquo;<strong>Universit\u00e9 pour tous de Bourgogne<\/strong> avec laquelle elle organise des conf\u00e9rences.<br \/>\n<a href=\"http:\/\/www.utb-chalon.fr\/\">www.utb-chalon.fr\/<\/a><\/p>\n<p><img loading=\"lazy\" decoding=\"async\" class=\"alignnone wp-image-219\" src=\"http:\/\/www.ch-chalon71.fr\/abigail-mathieu\/wp-content\/uploads\/2017\/12\/logo-300x294.jpg\" alt=\"\" width=\"123\" height=\"121\" \/><\/p>\n<p>L&rsquo;association appartient au <strong>R\u00e9seau des H\u00f4tel-Dieu et Apothicaireries<\/strong>.<\/p>\n<p>www.apothicaireries.eu\/<\/p>\n<p><img loading=\"lazy\" decoding=\"async\" class=\"alignnone wp-image-393\" src=\"http:\/\/www.ch-chalon71.fr\/abigail-mathieu\/wp-content\/uploads\/2018\/12\/rahd-logo-Q-126x300.jpg\" alt=\"\" width=\"105\" height=\"250\" srcset=\"https:\/\/www.ch-chalon71.fr\/abigail-mathieu\/wp-content\/uploads\/2018\/12\/rahd-logo-Q-126x300.jpg 126w, https:\/\/www.ch-chalon71.fr\/abigail-mathieu\/wp-content\/uploads\/2018\/12\/rahd-logo-Q-432x1024.jpg 432w, https:\/\/www.ch-chalon71.fr\/abigail-mathieu\/wp-content\/uploads\/2018\/12\/rahd-logo-Q.jpg 747w\" sizes=\"auto, (max-width: 105px) 100vw, 105px\" \/><\/p>\n<p>L&rsquo;association entretient des liens privil\u00e9gi\u00e9s avec la <strong>Soci\u00e9t\u00e9 d&rsquo;Histoire et d&rsquo;Arch\u00e9ologie de Chalon-sur-Sa\u00f4ne<\/strong>, laquelle a d&rsquo;ailleurs\u00a0favoris\u00e9\u00a0sa cr\u00e9ation il y a plus de trente ans. La Soci\u00e9t\u00e9 d&rsquo;Histoire est membre de droit du conseil d&rsquo;administration de l&rsquo;association.<\/p>\n<p><a id=\"irc_mil\" href=\"http:\/\/www.google.fr\/url?sa=i&amp;rct=j&amp;q=&amp;esrc=s&amp;source=images&amp;cd=&amp;ved=2ahUKEwi12tPLpY7hAhWH1uAKHS8yBbcQjRx6BAgBEAU&amp;url=http%3A%2F%2Fsocietes-savantes.crl-bourgogne.org%2Findex%2Ffiche%2F10%2Fsociete_d_histoire_et_d_archeologie_de_chalon_sur_saone.html&amp;psig=AOvVaw0nK_xBTfbKJemN5EAc3RsR&amp;ust=1553087708004492\"><img loading=\"lazy\" decoding=\"async\" id=\"irc_mi\" src=\"http:\/\/societes-savantes.crl-bourgogne.org\/upload\/image\/SocieteHistArcheoChalon\/LOGO%202%20SHAC.JPG\" alt=\"R\u00e9sultat de recherche d'images pour &quot;soci\u00e9t\u00e9 d'histoire et d'arch\u00e9ologie de chalon sur sa\u00f4ne&quot;\" width=\"132\" height=\"133\" \/><\/a><\/p>\n<p>Depuis plusieurs ann\u00e9es, l&rsquo;association organise avec le <strong>Conservatoire \u00e0 rayonnement r\u00e9gional du Grand Chalon<\/strong> des concerts \u00e0 la chapelle de l&rsquo;ancien h\u00f4pital.<\/p>\n<p><img loading=\"lazy\" decoding=\"async\" class=\"alignnone wp-image-427\" src=\"http:\/\/www.ch-chalon71.fr\/abigail-mathieu\/wp-content\/uploads\/2019\/05\/LOGO-CONSERVATOIRE-300x221.jpg\" alt=\"\" width=\"232\" height=\"171\" srcset=\"https:\/\/www.ch-chalon71.fr\/abigail-mathieu\/wp-content\/uploads\/2019\/05\/LOGO-CONSERVATOIRE-300x221.jpg 300w, https:\/\/www.ch-chalon71.fr\/abigail-mathieu\/wp-content\/uploads\/2019\/05\/LOGO-CONSERVATOIRE-768x565.jpg 768w, https:\/\/www.ch-chalon71.fr\/abigail-mathieu\/wp-content\/uploads\/2019\/05\/LOGO-CONSERVATOIRE-1024x754.jpg 1024w, https:\/\/www.ch-chalon71.fr\/abigail-mathieu\/wp-content\/uploads\/2019\/05\/LOGO-CONSERVATOIRE.jpg 1224w\" sizes=\"auto, (max-width: 232px) 100vw, 232px\" \/><\/p>\n<p>Pour ses projets de restauration et d&rsquo;entretien de l&rsquo;ancien h\u00f4pital, l&rsquo;association re\u00e7oit l&rsquo;aide de b\u00e9n\u00e9voles de <strong>Rempart<\/strong>, chantiers de b\u00e9n\u00e9voles pour le patrimoine.<\/p>\n<p><img loading=\"lazy\" decoding=\"async\" class=\"alignnone size-medium wp-image-511\" src=\"http:\/\/www.ch-chalon71.fr\/abigail-mathieu\/wp-content\/uploads\/2021\/03\/Logo-REMPART-version-ok-256x300.jpg\" alt=\"\" width=\"256\" height=\"300\" srcset=\"https:\/\/www.ch-chalon71.fr\/abigail-mathieu\/wp-content\/uploads\/2021\/03\/Logo-REMPART-version-ok-256x300.jpg 256w, https:\/\/www.ch-chalon71.fr\/abigail-mathieu\/wp-content\/uploads\/2021\/03\/Logo-REMPART-version-ok-768x899.jpg 768w, https:\/\/www.ch-chalon71.fr\/abigail-mathieu\/wp-content\/uploads\/2021\/03\/Logo-REMPART-version-ok-875x1024.jpg 875w, https:\/\/www.ch-chalon71.fr\/abigail-mathieu\/wp-content\/uploads\/2021\/03\/Logo-REMPART-version-ok.jpg 1096w\" sizes=\"auto, (max-width: 256px) 100vw, 256px\" \/><\/p>\n<p>&nbsp;<\/p>\n<p><!-- x-tinymce\/html --><!-- x-tinymce\/html --><a id=\"irc_mil\" href=\"https:\/\/www.google.fr\/url?sa=i&amp;rct=j&amp;q=&amp;esrc=s&amp;source=images&amp;cd=&amp;cad=rja&amp;uact=8&amp;ved=2ahUKEwi_5tfbpI7hAhWHsBQKHR_0BK0QjRx6BAgBEAU&amp;url=https%3A%2F%2Ffr.wikipedia.org%2Fwiki%2FSoci%25C3%25A9t%25C3%25A9_d%2527histoire_et_d%2527arch%25C3%25A9ologie_de_Chalon-sur-Sa%25C3%25B4ne&amp;psig=AOvVaw0nK_xBTfbKJemN5EAc3RsR&amp;ust=1553087708004492\"><\/a><a id=\"irc_mil\" href=\"https:\/\/www.google.fr\/url?sa=i&amp;rct=j&amp;q=&amp;esrc=s&amp;source=images&amp;cd=&amp;cad=rja&amp;uact=8&amp;ved=2ahUKEwi_5tfbpI7hAhWHsBQKHR_0BK0QjRx6BAgBEAU&amp;url=https%3A%2F%2Ffr.wikipedia.org%2Fwiki%2FSoci%25C3%25A9t%25C3%25A9_d%2527histoire_et_d%2527arch%25C3%25A9ologie_de_Chalon-sur-Sa%25C3%25B4ne&amp;psig=AOvVaw0nK_xBTfbKJemN5EAc3RsR&amp;ust=1553087708004492\"><br \/>\n<\/a><\/p>\n","protected":false},"excerpt":{"rendered":"<p>L&rsquo;association Abiga\u00efl Mathieu est partenaire du centre hospitalier William Morey et de la Ville de Chalon-sur-Sa\u00f4ne avec lesquels elle a sign\u00e9 une convention tripartite pour la sauvegarde et la mise en valeur du patrimoine hospitalier. L&rsquo;association a des liens privil\u00e9gi\u00e9s avec l&rsquo;Universit\u00e9 pour tous de Bourgogne avec laquelle elle organise des conf\u00e9rences. www.utb-chalon.fr\/ L&rsquo;association appartient [&hellip;]<\/p>\n","protected":false},"author":1,"featured_media":0,"parent":0,"menu_order":0,"comment_status":"closed","ping_status":"closed","template":"","meta":{"_acf_changed":false,"footnotes":""},"class_list":["post-22","page","type-page","status-publish","hentry"],"acf":[],"yoast_head":"<!-- This site is optimized with the Yoast SEO plugin v26.6 - https:\/\/yoast.com\/wordpress\/plugins\/seo\/ -->\n<title>Nos partenaires - Abiga\u00efl-Mathieu<\/title>\n<meta name=\"robots\" content=\"index, follow, max-snippet:-1, max-image-preview:large, max-video-preview:-1\" \/>\n<link rel=\"canonical\" href=\"https:\/\/www.ch-chalon71.fr\/abigail-mathieu\/nos-partenaires\/\" \/>\n<meta property=\"og:locale\" content=\"fr_FR\" \/>\n<meta property=\"og:type\" content=\"article\" \/>\n<meta property=\"og:title\" content=\"Nos partenaires - Abiga\u00efl-Mathieu\" \/>\n<meta property=\"og:description\" content=\"L&rsquo;association Abiga\u00efl Mathieu est partenaire du centre hospitalier William Morey et de la Ville de Chalon-sur-Sa\u00f4ne avec lesquels elle a sign\u00e9 une convention tripartite pour la sauvegarde et la mise en valeur du patrimoine hospitalier. L&rsquo;association a des liens privil\u00e9gi\u00e9s avec l&rsquo;Universit\u00e9 pour tous de Bourgogne avec laquelle elle organise des conf\u00e9rences. www.utb-chalon.fr\/ L&rsquo;association appartient [&hellip;]\" \/>\n<meta property=\"og:url\" content=\"https:\/\/www.ch-chalon71.fr\/abigail-mathieu\/nos-partenaires\/\" \/>\n<meta property=\"og:site_name\" content=\"Abiga\u00efl-Mathieu\" \/>\n<meta property=\"article:modified_time\" content=\"2021-03-16T14:51:49+00:00\" \/>\n<meta property=\"og:image\" content=\"http:\/\/www.ch-chalon71.fr\/abigail-mathieu\/wp-content\/uploads\/2017\/12\/logo-ville-chalon-300x158.jpg\" \/>\n<meta name=\"twitter:card\" content=\"summary_large_image\" \/>\n<meta name=\"twitter:label1\" content=\"Dur\u00e9e de lecture estim\u00e9e\" \/>\n\t<meta name=\"twitter:data1\" content=\"1 minute\" \/>\n<script type=\"application\/ld+json\" class=\"yoast-schema-graph\">{\"@context\":\"https:\/\/schema.org\",\"@graph\":[{\"@type\":\"WebPage\",\"@id\":\"https:\/\/www.ch-chalon71.fr\/abigail-mathieu\/nos-partenaires\/\",\"url\":\"https:\/\/www.ch-chalon71.fr\/abigail-mathieu\/nos-partenaires\/\",\"name\":\"Nos partenaires - Abiga\u00efl-Mathieu\",\"isPartOf\":{\"@id\":\"https:\/\/www.ch-chalon71.fr\/abigail-mathieu\/#website\"},\"primaryImageOfPage\":{\"@id\":\"https:\/\/www.ch-chalon71.fr\/abigail-mathieu\/nos-partenaires\/#primaryimage\"},\"image\":{\"@id\":\"https:\/\/www.ch-chalon71.fr\/abigail-mathieu\/nos-partenaires\/#primaryimage\"},\"thumbnailUrl\":\"http:\/\/www.ch-chalon71.fr\/abigail-mathieu\/wp-content\/uploads\/2017\/12\/logo-ville-chalon-300x158.jpg\",\"datePublished\":\"2017-09-19T14:57:00+00:00\",\"dateModified\":\"2021-03-16T14:51:49+00:00\",\"breadcrumb\":{\"@id\":\"https:\/\/www.ch-chalon71.fr\/abigail-mathieu\/nos-partenaires\/#breadcrumb\"},\"inLanguage\":\"fr-FR\",\"potentialAction\":[{\"@type\":\"ReadAction\",\"target\":[\"https:\/\/www.ch-chalon71.fr\/abigail-mathieu\/nos-partenaires\/\"]}]},{\"@type\":\"ImageObject\",\"inLanguage\":\"fr-FR\",\"@id\":\"https:\/\/www.ch-chalon71.fr\/abigail-mathieu\/nos-partenaires\/#primaryimage\",\"url\":\"http:\/\/www.ch-chalon71.fr\/abigail-mathieu\/wp-content\/uploads\/2017\/12\/logo-ville-chalon-300x158.jpg\",\"contentUrl\":\"http:\/\/www.ch-chalon71.fr\/abigail-mathieu\/wp-content\/uploads\/2017\/12\/logo-ville-chalon-300x158.jpg\"},{\"@type\":\"BreadcrumbList\",\"@id\":\"https:\/\/www.ch-chalon71.fr\/abigail-mathieu\/nos-partenaires\/#breadcrumb\",\"itemListElement\":[{\"@type\":\"ListItem\",\"position\":1,\"name\":\"Home\",\"item\":\"https:\/\/www.ch-chalon71.fr\/abigail-mathieu\/\"},{\"@type\":\"ListItem\",\"position\":2,\"name\":\"Nos partenaires\"}]},{\"@type\":\"WebSite\",\"@id\":\"https:\/\/www.ch-chalon71.fr\/abigail-mathieu\/#website\",\"url\":\"https:\/\/www.ch-chalon71.fr\/abigail-mathieu\/\",\"name\":\"Abiga\u00efl-Mathieu\",\"description\":\"Un site utilisant WordPress\",\"potentialAction\":[{\"@type\":\"SearchAction\",\"target\":{\"@type\":\"EntryPoint\",\"urlTemplate\":\"https:\/\/www.ch-chalon71.fr\/abigail-mathieu\/?s={search_term_string}\"},\"query-input\":{\"@type\":\"PropertyValueSpecification\",\"valueRequired\":true,\"valueName\":\"search_term_string\"}}],\"inLanguage\":\"fr-FR\"}]}<\/script>\n<!-- \/ Yoast SEO plugin. -->","yoast_head_json":{"title":"Nos partenaires - Abiga\u00efl-Mathieu","robots":{"index":"index","follow":"follow","max-snippet":"max-snippet:-1","max-image-preview":"max-image-preview:large","max-video-preview":"max-video-preview:-1"},"canonical":"https:\/\/www.ch-chalon71.fr\/abigail-mathieu\/nos-partenaires\/","og_locale":"fr_FR","og_type":"article","og_title":"Nos partenaires - Abiga\u00efl-Mathieu","og_description":"L&rsquo;association Abiga\u00efl Mathieu est partenaire du centre hospitalier William Morey et de la Ville de Chalon-sur-Sa\u00f4ne avec lesquels elle a sign\u00e9 une convention tripartite pour la sauvegarde et la mise en valeur du patrimoine hospitalier. L&rsquo;association a des liens privil\u00e9gi\u00e9s avec l&rsquo;Universit\u00e9 pour tous de Bourgogne avec laquelle elle organise des conf\u00e9rences. www.utb-chalon.fr\/ L&rsquo;association appartient [&hellip;]","og_url":"https:\/\/www.ch-chalon71.fr\/abigail-mathieu\/nos-partenaires\/","og_site_name":"Abiga\u00efl-Mathieu","article_modified_time":"2021-03-16T14:51:49+00:00","og_image":[{"url":"http:\/\/www.ch-chalon71.fr\/abigail-mathieu\/wp-content\/uploads\/2017\/12\/logo-ville-chalon-300x158.jpg","type":"","width":"","height":""}],"twitter_card":"summary_large_image","twitter_misc":{"Dur\u00e9e de lecture estim\u00e9e":"1 minute"},"schema":{"@context":"https:\/\/schema.org","@graph":[{"@type":"WebPage","@id":"https:\/\/www.ch-chalon71.fr\/abigail-mathieu\/nos-partenaires\/","url":"https:\/\/www.ch-chalon71.fr\/abigail-mathieu\/nos-partenaires\/","name":"Nos partenaires - Abiga\u00efl-Mathieu","isPartOf":{"@id":"https:\/\/www.ch-chalon71.fr\/abigail-mathieu\/#website"},"primaryImageOfPage":{"@id":"https:\/\/www.ch-chalon71.fr\/abigail-mathieu\/nos-partenaires\/#primaryimage"},"image":{"@id":"https:\/\/www.ch-chalon71.fr\/abigail-mathieu\/nos-partenaires\/#primaryimage"},"thumbnailUrl":"http:\/\/www.ch-chalon71.fr\/abigail-mathieu\/wp-content\/uploads\/2017\/12\/logo-ville-chalon-300x158.jpg","datePublished":"2017-09-19T14:57:00+00:00","dateModified":"2021-03-16T14:51:49+00:00","breadcrumb":{"@id":"https:\/\/www.ch-chalon71.fr\/abigail-mathieu\/nos-partenaires\/#breadcrumb"},"inLanguage":"fr-FR","potentialAction":[{"@type":"ReadAction","target":["https:\/\/www.ch-chalon71.fr\/abigail-mathieu\/nos-partenaires\/"]}]},{"@type":"ImageObject","inLanguage":"fr-FR","@id":"https:\/\/www.ch-chalon71.fr\/abigail-mathieu\/nos-partenaires\/#primaryimage","url":"http:\/\/www.ch-chalon71.fr\/abigail-mathieu\/wp-content\/uploads\/2017\/12\/logo-ville-chalon-300x158.jpg","contentUrl":"http:\/\/www.ch-chalon71.fr\/abigail-mathieu\/wp-content\/uploads\/2017\/12\/logo-ville-chalon-300x158.jpg"},{"@type":"BreadcrumbList","@id":"https:\/\/www.ch-chalon71.fr\/abigail-mathieu\/nos-partenaires\/#breadcrumb","itemListElement":[{"@type":"ListItem","position":1,"name":"Home","item":"https:\/\/www.ch-chalon71.fr\/abigail-mathieu\/"},{"@type":"ListItem","position":2,"name":"Nos partenaires"}]},{"@type":"WebSite","@id":"https:\/\/www.ch-chalon71.fr\/abigail-mathieu\/#website","url":"https:\/\/www.ch-chalon71.fr\/abigail-mathieu\/","name":"Abiga\u00efl-Mathieu","description":"Un site utilisant WordPress","potentialAction":[{"@type":"SearchAction","target":{"@type":"EntryPoint","urlTemplate":"https:\/\/www.ch-chalon71.fr\/abigail-mathieu\/?s={search_term_string}"},"query-input":{"@type":"PropertyValueSpecification","valueRequired":true,"valueName":"search_term_string"}}],"inLanguage":"fr-FR"}]}},"_links":{"self":[{"href":"https:\/\/www.ch-chalon71.fr\/abigail-mathieu\/wp-json\/wp\/v2\/pages\/22","targetHints":{"allow":["GET"]}}],"collection":[{"href":"https:\/\/www.ch-chalon71.fr\/abigail-mathieu\/wp-json\/wp\/v2\/pages"}],"about":[{"href":"https:\/\/www.ch-chalon71.fr\/abigail-mathieu\/wp-json\/wp\/v2\/types\/page"}],"author":[{"embeddable":true,"href":"https:\/\/www.ch-chalon71.fr\/abigail-mathieu\/wp-json\/wp\/v2\/users\/1"}],"replies":[{"embeddable":true,"href":"https:\/\/www.ch-chalon71.fr\/abigail-mathieu\/wp-json\/wp\/v2\/comments?post=22"}],"version-history":[{"count":19,"href":"https:\/\/www.ch-chalon71.fr\/abigail-mathieu\/wp-json\/wp\/v2\/pages\/22\/revisions"}],"predecessor-version":[{"id":513,"href":"https:\/\/www.ch-chalon71.fr\/abigail-mathieu\/wp-json\/wp\/v2\/pages\/22\/revisions\/513"}],"wp:attachment":[{"href":"https:\/\/www.ch-chalon71.fr\/abigail-mathieu\/wp-json\/wp\/v2\/media?parent=22"}],"curies":[{"name":"wp","href":"https:\/\/api.w.org\/{rel}","templated":true}]}}