{"id":14,"date":"2017-09-19T16:55:15","date_gmt":"2017-09-19T14:55:15","guid":{"rendered":"http:\/\/137.74.172.63\/Abygail-Mathieu\/?page_id=14"},"modified":"2021-06-18T14:41:58","modified_gmt":"2021-06-18T12:41:58","slug":"la-vie-de-lassociation","status":"publish","type":"page","link":"https:\/\/www.ch-chalon71.fr\/abigail-mathieu\/la-vie-de-lassociation\/","title":{"rendered":"La vie de l&rsquo;association"},"content":{"rendered":"<p><strong>C&rsquo;est avec une tr\u00e8s grande tristesse que nous vous annon\u00e7ons le d\u00e9c\u00e8s hier matin 17 juin de Marc Jusseau, le secr\u00e9taire de notre association. Il assurait cette fonction depuis plus de 10 ans et c&rsquo;\u00e9tait un membre \u00e9minent de notre association dont il d\u00e9fendait les valeurs et projets avec \u00e9nergie et enthousiasme.\u00a0Nous sommes au c\u00f4t\u00e9 de son \u00e9pouse H\u00e9l\u00e8ne dont nous partageons la peine et que nous assurons de notre affectueux et amical soutien.<\/strong><\/p>\n<p>&nbsp;<\/p>\n<p>&nbsp;<\/p>\n<p>LES VISITES<\/p>\n<p>Le service Animation du Patrimoine de la Ville de Chalon organise r\u00e9guli\u00e8rement des visites g\u00e9n\u00e9rales du site de l&rsquo;h\u00f4pital.<br \/>\nDes visites \u00e0 deux voix du site de l&rsquo;ancien h\u00f4pital sont organis\u00e9es qui r\u00e9unissent des b\u00e9n\u00e9voles de l&rsquo;association Abiga\u00efl Mathieu et des guides-conf\u00e9renciers du service Animation du patrimoine &#8211; sur des th\u00e8mes divers, tels que \u00ab\u00a0les bienfaiteurs de l&rsquo;h\u00f4pital\u00a0\u00bb, \u00ab\u00a0l&rsquo;h\u00f4pital pendant la Grande Guerre\u00a0\u00bb\u2026.<\/p>\n<p><img loading=\"lazy\" decoding=\"async\" class=\"alignnone size-medium wp-image-198\" src=\"http:\/\/www.ch-chalon71.fr\/abigail-mathieu\/wp-content\/uploads\/2017\/11\/DSC02582-300x225.jpg\" alt=\"\" width=\"300\" height=\"225\" srcset=\"https:\/\/www.ch-chalon71.fr\/abigail-mathieu\/wp-content\/uploads\/2017\/11\/DSC02582-300x225.jpg 300w, https:\/\/www.ch-chalon71.fr\/abigail-mathieu\/wp-content\/uploads\/2017\/11\/DSC02582-768x576.jpg 768w, https:\/\/www.ch-chalon71.fr\/abigail-mathieu\/wp-content\/uploads\/2017\/11\/DSC02582-1024x768.jpg 1024w\" sizes=\"auto, (max-width: 300px) 100vw, 300px\" \/><\/p>\n<p>RECHERCHES ET PUBLICATIONS<\/p>\n<p>Les b\u00e9n\u00e9voles approfondissent les connaissances sur la vie ou le patrimoine de l&rsquo;ancien h\u00f4pital par des recherches qui sont pr\u00e9sent\u00e9es dans le bulletin annuel, par exemple : les crucifix, l&rsquo;abandon des enfants, l&rsquo;herboristerie&#8230;<\/p>\n<p><img loading=\"lazy\" decoding=\"async\" class=\"alignnone size-medium wp-image-201\" src=\"http:\/\/www.ch-chalon71.fr\/abigail-mathieu\/wp-content\/uploads\/2017\/11\/2-275x300.jpg\" alt=\"\" width=\"275\" height=\"300\" srcset=\"https:\/\/www.ch-chalon71.fr\/abigail-mathieu\/wp-content\/uploads\/2017\/11\/2-275x300.jpg 275w, https:\/\/www.ch-chalon71.fr\/abigail-mathieu\/wp-content\/uploads\/2017\/11\/2-768x838.jpg 768w, https:\/\/www.ch-chalon71.fr\/abigail-mathieu\/wp-content\/uploads\/2017\/11\/2-939x1024.jpg 939w\" sizes=\"auto, (max-width: 275px) 100vw, 275px\" \/><\/p>\n<p>SORTIES<br \/>\nChaque ann\u00e9e une sortie est organis\u00e9e pour visiter des sites hospitaliers anciens ou en relation avec la vie de l&rsquo;h\u00f4pital \u00e0 travers la France<\/p>\n<p><img loading=\"lazy\" decoding=\"async\" class=\"alignnone size-medium wp-image-203\" src=\"http:\/\/www.ch-chalon71.fr\/abigail-mathieu\/wp-content\/uploads\/2017\/11\/20170613_151316-300x169.jpg\" alt=\"\" width=\"300\" height=\"169\" srcset=\"https:\/\/www.ch-chalon71.fr\/abigail-mathieu\/wp-content\/uploads\/2017\/11\/20170613_151316-300x169.jpg 300w, https:\/\/www.ch-chalon71.fr\/abigail-mathieu\/wp-content\/uploads\/2017\/11\/20170613_151316-768x432.jpg 768w, https:\/\/www.ch-chalon71.fr\/abigail-mathieu\/wp-content\/uploads\/2017\/11\/20170613_151316-1024x576.jpg 1024w\" sizes=\"auto, (max-width: 300px) 100vw, 300px\" \/><\/p>\n<p>En juin 2019, les participants ont ainsi eu l&rsquo;occasion de visiter Troyes, afin de d\u00e9couvrir le ch\u0153ur historique de la ville et sa cath\u00e9drale, ainsi que les vitraux des \u00e9glises Ste Madeleine et St Pantal\u00e9on.<\/p>\n<p><img loading=\"lazy\" decoding=\"async\" class=\"alignnone size-medium wp-image-507\" src=\"http:\/\/www.ch-chalon71.fr\/abigail-mathieu\/wp-content\/uploads\/2021\/03\/20190605_102907-300x225.jpg\" alt=\"\" width=\"300\" height=\"225\" srcset=\"https:\/\/www.ch-chalon71.fr\/abigail-mathieu\/wp-content\/uploads\/2021\/03\/20190605_102907-300x225.jpg 300w, https:\/\/www.ch-chalon71.fr\/abigail-mathieu\/wp-content\/uploads\/2021\/03\/20190605_102907-768x576.jpg 768w, https:\/\/www.ch-chalon71.fr\/abigail-mathieu\/wp-content\/uploads\/2021\/03\/20190605_102907-1024x768.jpg 1024w\" sizes=\"auto, (max-width: 300px) 100vw, 300px\" \/><\/p>\n","protected":false},"excerpt":{"rendered":"<p>C&rsquo;est avec une tr\u00e8s grande tristesse que nous vous annon\u00e7ons le d\u00e9c\u00e8s hier matin 17 juin de Marc Jusseau, le secr\u00e9taire de notre association. Il assurait cette fonction depuis plus de 10 ans et c&rsquo;\u00e9tait un membre \u00e9minent de notre association dont il d\u00e9fendait les valeurs et projets avec \u00e9nergie et enthousiasme.\u00a0Nous sommes au c\u00f4t\u00e9 [&hellip;]<\/p>\n","protected":false},"author":1,"featured_media":0,"parent":0,"menu_order":0,"comment_status":"closed","ping_status":"closed","template":"","meta":{"_acf_changed":false,"footnotes":""},"class_list":["post-14","page","type-page","status-publish","hentry"],"acf":[],"yoast_head":"<!-- This site is optimized with the Yoast SEO plugin v26.6 - https:\/\/yoast.com\/wordpress\/plugins\/seo\/ -->\n<title>Vie de l&#039;association : visites, recherches et publications, sorties<\/title>\n<meta name=\"description\" content=\"Les b\u00e9n\u00e9voles font des recherches sur le patrimoine hospitalier chalonnais publi\u00e9es dans le bulletin annuel. Ils prennent part aux visites \u00e0 deux voix.\" \/>\n<meta name=\"robots\" content=\"index, follow, max-snippet:-1, max-image-preview:large, max-video-preview:-1\" \/>\n<link rel=\"canonical\" href=\"https:\/\/www.ch-chalon71.fr\/abigail-mathieu\/la-vie-de-lassociation\/\" \/>\n<meta property=\"og:locale\" content=\"fr_FR\" \/>\n<meta property=\"og:type\" content=\"article\" \/>\n<meta property=\"og:title\" content=\"Vie de l&#039;association : visites, recherches et publications, sorties\" \/>\n<meta property=\"og:description\" content=\"Les b\u00e9n\u00e9voles font des recherches sur le patrimoine hospitalier chalonnais publi\u00e9es dans le bulletin annuel. Ils prennent part aux visites \u00e0 deux voix.\" \/>\n<meta property=\"og:url\" content=\"https:\/\/www.ch-chalon71.fr\/abigail-mathieu\/la-vie-de-lassociation\/\" \/>\n<meta property=\"og:site_name\" content=\"Abiga\u00efl-Mathieu\" \/>\n<meta property=\"article:modified_time\" content=\"2021-06-18T12:41:58+00:00\" \/>\n<meta property=\"og:image\" content=\"https:\/\/www.ch-chalon71.fr\/abigail-mathieu\/wp-content\/uploads\/2017\/11\/DSC02582-1024x768.jpg\" \/>\n\t<meta property=\"og:image:width\" content=\"1024\" \/>\n\t<meta property=\"og:image:height\" content=\"768\" \/>\n\t<meta property=\"og:image:type\" content=\"image\/jpeg\" \/>\n<meta name=\"twitter:card\" content=\"summary_large_image\" \/>\n<meta name=\"twitter:label1\" content=\"Dur\u00e9e de lecture estim\u00e9e\" \/>\n\t<meta name=\"twitter:data1\" content=\"1 minute\" \/>\n<script type=\"application\/ld+json\" class=\"yoast-schema-graph\">{\"@context\":\"https:\/\/schema.org\",\"@graph\":[{\"@type\":\"WebPage\",\"@id\":\"https:\/\/www.ch-chalon71.fr\/abigail-mathieu\/la-vie-de-lassociation\/\",\"url\":\"https:\/\/www.ch-chalon71.fr\/abigail-mathieu\/la-vie-de-lassociation\/\",\"name\":\"Vie de l'association : visites, recherches et publications, sorties\",\"isPartOf\":{\"@id\":\"https:\/\/www.ch-chalon71.fr\/abigail-mathieu\/#website\"},\"primaryImageOfPage\":{\"@id\":\"https:\/\/www.ch-chalon71.fr\/abigail-mathieu\/la-vie-de-lassociation\/#primaryimage\"},\"image\":{\"@id\":\"https:\/\/www.ch-chalon71.fr\/abigail-mathieu\/la-vie-de-lassociation\/#primaryimage\"},\"thumbnailUrl\":\"http:\/\/www.ch-chalon71.fr\/abigail-mathieu\/wp-content\/uploads\/2017\/11\/DSC02582-300x225.jpg\",\"datePublished\":\"2017-09-19T14:55:15+00:00\",\"dateModified\":\"2021-06-18T12:41:58+00:00\",\"description\":\"Les b\u00e9n\u00e9voles font des recherches sur le patrimoine hospitalier chalonnais publi\u00e9es dans le bulletin annuel. Ils prennent part aux visites \u00e0 deux voix.\",\"breadcrumb\":{\"@id\":\"https:\/\/www.ch-chalon71.fr\/abigail-mathieu\/la-vie-de-lassociation\/#breadcrumb\"},\"inLanguage\":\"fr-FR\",\"potentialAction\":[{\"@type\":\"ReadAction\",\"target\":[\"https:\/\/www.ch-chalon71.fr\/abigail-mathieu\/la-vie-de-lassociation\/\"]}]},{\"@type\":\"ImageObject\",\"inLanguage\":\"fr-FR\",\"@id\":\"https:\/\/www.ch-chalon71.fr\/abigail-mathieu\/la-vie-de-lassociation\/#primaryimage\",\"url\":\"http:\/\/www.ch-chalon71.fr\/abigail-mathieu\/wp-content\/uploads\/2017\/11\/DSC02582-300x225.jpg\",\"contentUrl\":\"http:\/\/www.ch-chalon71.fr\/abigail-mathieu\/wp-content\/uploads\/2017\/11\/DSC02582-300x225.jpg\"},{\"@type\":\"BreadcrumbList\",\"@id\":\"https:\/\/www.ch-chalon71.fr\/abigail-mathieu\/la-vie-de-lassociation\/#breadcrumb\",\"itemListElement\":[{\"@type\":\"ListItem\",\"position\":1,\"name\":\"Home\",\"item\":\"https:\/\/www.ch-chalon71.fr\/abigail-mathieu\/\"},{\"@type\":\"ListItem\",\"position\":2,\"name\":\"La vie de l&rsquo;association\"}]},{\"@type\":\"WebSite\",\"@id\":\"https:\/\/www.ch-chalon71.fr\/abigail-mathieu\/#website\",\"url\":\"https:\/\/www.ch-chalon71.fr\/abigail-mathieu\/\",\"name\":\"Abiga\u00efl-Mathieu\",\"description\":\"Un site utilisant WordPress\",\"potentialAction\":[{\"@type\":\"SearchAction\",\"target\":{\"@type\":\"EntryPoint\",\"urlTemplate\":\"https:\/\/www.ch-chalon71.fr\/abigail-mathieu\/?s={search_term_string}\"},\"query-input\":{\"@type\":\"PropertyValueSpecification\",\"valueRequired\":true,\"valueName\":\"search_term_string\"}}],\"inLanguage\":\"fr-FR\"}]}<\/script>\n<!-- \/ Yoast SEO plugin. -->","yoast_head_json":{"title":"Vie de l'association : visites, recherches et publications, sorties","description":"Les b\u00e9n\u00e9voles font des recherches sur le patrimoine hospitalier chalonnais publi\u00e9es dans le bulletin annuel. Ils prennent part aux visites \u00e0 deux voix.","robots":{"index":"index","follow":"follow","max-snippet":"max-snippet:-1","max-image-preview":"max-image-preview:large","max-video-preview":"max-video-preview:-1"},"canonical":"https:\/\/www.ch-chalon71.fr\/abigail-mathieu\/la-vie-de-lassociation\/","og_locale":"fr_FR","og_type":"article","og_title":"Vie de l'association : visites, recherches et publications, sorties","og_description":"Les b\u00e9n\u00e9voles font des recherches sur le patrimoine hospitalier chalonnais publi\u00e9es dans le bulletin annuel. Ils prennent part aux visites \u00e0 deux voix.","og_url":"https:\/\/www.ch-chalon71.fr\/abigail-mathieu\/la-vie-de-lassociation\/","og_site_name":"Abiga\u00efl-Mathieu","article_modified_time":"2021-06-18T12:41:58+00:00","og_image":[{"width":1024,"height":768,"url":"https:\/\/www.ch-chalon71.fr\/abigail-mathieu\/wp-content\/uploads\/2017\/11\/DSC02582-1024x768.jpg","type":"image\/jpeg"}],"twitter_card":"summary_large_image","twitter_misc":{"Dur\u00e9e de lecture estim\u00e9e":"1 minute"},"schema":{"@context":"https:\/\/schema.org","@graph":[{"@type":"WebPage","@id":"https:\/\/www.ch-chalon71.fr\/abigail-mathieu\/la-vie-de-lassociation\/","url":"https:\/\/www.ch-chalon71.fr\/abigail-mathieu\/la-vie-de-lassociation\/","name":"Vie de l'association : visites, recherches et publications, sorties","isPartOf":{"@id":"https:\/\/www.ch-chalon71.fr\/abigail-mathieu\/#website"},"primaryImageOfPage":{"@id":"https:\/\/www.ch-chalon71.fr\/abigail-mathieu\/la-vie-de-lassociation\/#primaryimage"},"image":{"@id":"https:\/\/www.ch-chalon71.fr\/abigail-mathieu\/la-vie-de-lassociation\/#primaryimage"},"thumbnailUrl":"http:\/\/www.ch-chalon71.fr\/abigail-mathieu\/wp-content\/uploads\/2017\/11\/DSC02582-300x225.jpg","datePublished":"2017-09-19T14:55:15+00:00","dateModified":"2021-06-18T12:41:58+00:00","description":"Les b\u00e9n\u00e9voles font des recherches sur le patrimoine hospitalier chalonnais publi\u00e9es dans le bulletin annuel. Ils prennent part aux visites \u00e0 deux voix.","breadcrumb":{"@id":"https:\/\/www.ch-chalon71.fr\/abigail-mathieu\/la-vie-de-lassociation\/#breadcrumb"},"inLanguage":"fr-FR","potentialAction":[{"@type":"ReadAction","target":["https:\/\/www.ch-chalon71.fr\/abigail-mathieu\/la-vie-de-lassociation\/"]}]},{"@type":"ImageObject","inLanguage":"fr-FR","@id":"https:\/\/www.ch-chalon71.fr\/abigail-mathieu\/la-vie-de-lassociation\/#primaryimage","url":"http:\/\/www.ch-chalon71.fr\/abigail-mathieu\/wp-content\/uploads\/2017\/11\/DSC02582-300x225.jpg","contentUrl":"http:\/\/www.ch-chalon71.fr\/abigail-mathieu\/wp-content\/uploads\/2017\/11\/DSC02582-300x225.jpg"},{"@type":"BreadcrumbList","@id":"https:\/\/www.ch-chalon71.fr\/abigail-mathieu\/la-vie-de-lassociation\/#breadcrumb","itemListElement":[{"@type":"ListItem","position":1,"name":"Home","item":"https:\/\/www.ch-chalon71.fr\/abigail-mathieu\/"},{"@type":"ListItem","position":2,"name":"La vie de l&rsquo;association"}]},{"@type":"WebSite","@id":"https:\/\/www.ch-chalon71.fr\/abigail-mathieu\/#website","url":"https:\/\/www.ch-chalon71.fr\/abigail-mathieu\/","name":"Abiga\u00efl-Mathieu","description":"Un site utilisant WordPress","potentialAction":[{"@type":"SearchAction","target":{"@type":"EntryPoint","urlTemplate":"https:\/\/www.ch-chalon71.fr\/abigail-mathieu\/?s={search_term_string}"},"query-input":{"@type":"PropertyValueSpecification","valueRequired":true,"valueName":"search_term_string"}}],"inLanguage":"fr-FR"}]}},"_links":{"self":[{"href":"https:\/\/www.ch-chalon71.fr\/abigail-mathieu\/wp-json\/wp\/v2\/pages\/14","targetHints":{"allow":["GET"]}}],"collection":[{"href":"https:\/\/www.ch-chalon71.fr\/abigail-mathieu\/wp-json\/wp\/v2\/pages"}],"about":[{"href":"https:\/\/www.ch-chalon71.fr\/abigail-mathieu\/wp-json\/wp\/v2\/types\/page"}],"author":[{"embeddable":true,"href":"https:\/\/www.ch-chalon71.fr\/abigail-mathieu\/wp-json\/wp\/v2\/users\/1"}],"replies":[{"embeddable":true,"href":"https:\/\/www.ch-chalon71.fr\/abigail-mathieu\/wp-json\/wp\/v2\/comments?post=14"}],"version-history":[{"count":14,"href":"https:\/\/www.ch-chalon71.fr\/abigail-mathieu\/wp-json\/wp\/v2\/pages\/14\/revisions"}],"predecessor-version":[{"id":523,"href":"https:\/\/www.ch-chalon71.fr\/abigail-mathieu\/wp-json\/wp\/v2\/pages\/14\/revisions\/523"}],"wp:attachment":[{"href":"https:\/\/www.ch-chalon71.fr\/abigail-mathieu\/wp-json\/wp\/v2\/media?parent=14"}],"curies":[{"name":"wp","href":"https:\/\/api.w.org\/{rel}","templated":true}]}}