{"id":119,"date":"2017-09-28T10:38:37","date_gmt":"2017-09-28T08:38:37","guid":{"rendered":"http:\/\/www.ch-chalon71.fr\/abigail-mathieu\/?page_id=119"},"modified":"2019-05-02T17:44:41","modified_gmt":"2019-05-02T15:44:41","slug":"histoire-de-lhopital","status":"publish","type":"page","link":"https:\/\/www.ch-chalon71.fr\/abigail-mathieu\/histoire-de-lhopital\/","title":{"rendered":"Histoire de l&rsquo;h\u00f4pital"},"content":{"rendered":"<p>L&rsquo;histoire de l&rsquo;h\u00f4pital \u00e0 Chalon est li\u00e9e \u00e0 l&rsquo;histoire de la Ville et \u00e0 l&rsquo;\u00e9volution de la m\u00e9decine.<\/p>\n<p><strong>La Maison-Dieu Saint Eloi<\/strong>\u00a0:<\/p>\n<p>Cette Maison Dieu ant\u00e9rieure \u00e0 <a href=\"http:\/\/www.ch-chalon71.fr\/abigail-mathieu\/faites-un-don\/\" target=\"_blank\" rel=\"noopener\">l\u2019h\u00f4pital Saint-Laurent<\/a> appara\u00eet comme l\u2019un des principaux \u00e9tablissements hospitaliers avant 1528-29.<\/p>\n<p>On y accueillait des \u00ab\u00a0p\u00f4vres\u00a0\u00bb malades, \u00e0 savoir des indigents et surtout des p\u00e8lerins. Certains auteurs font remonter la construction de cet \u00e9difice \u00e0 Saint Agricole, \u00e9v\u00eaque de Chalon de 532 \u00e0 580. Elle sera d\u00e9truite en 1525 pour laisser place aux nouvelles fortifications de la ville suite aux incursions des Suisses. Seuls quelques textes anciens attestent de son emplacement pr\u00e8s de la porte de Beaune.<\/p>\n<p><strong>L\u2019h\u00f4pital Saint-Laurent<\/strong>\u00a0:<\/p>\n<div id=\"attachment_127\" style=\"width: 310px\" class=\"wp-caption aligncenter\"><img loading=\"lazy\" decoding=\"async\" aria-describedby=\"caption-attachment-127\" class=\"wp-image-127 size-medium\" src=\"http:\/\/www.ch-chalon71.fr\/abigail-mathieu\/wp-content\/uploads\/2017\/09\/DSC_7419-300x201.jpg\" alt=\"\" width=\"300\" height=\"201\" srcset=\"https:\/\/www.ch-chalon71.fr\/abigail-mathieu\/wp-content\/uploads\/2017\/09\/DSC_7419-300x201.jpg 300w, https:\/\/www.ch-chalon71.fr\/abigail-mathieu\/wp-content\/uploads\/2017\/09\/DSC_7419-768x514.jpg 768w, https:\/\/www.ch-chalon71.fr\/abigail-mathieu\/wp-content\/uploads\/2017\/09\/DSC_7419-1024x685.jpg 1024w\" sizes=\"auto, (max-width: 300px) 100vw, 300px\" \/><p id=\"caption-attachment-127\" class=\"wp-caption-text\">Pignon \u00e0 pattes d&rsquo;oiseau de l&rsquo;h\u00f4pital St-Laurent<\/p><\/div>\n<p>Le corps municipal et non l\u2019\u00e9v\u00each\u00e9, d\u00e9cide en 1528 de l\u2019emplacement du nouvel h\u00f4pital sur l\u2019\u00eele Saint-Laurent, derri\u00e8re le couvent des Cordeliers, sur le terrain Cochard, en aval du Pont. Cette position dans l\u2019\u00eele isole les pauvres malades de la ville, la Sa\u00f4ne pourvoit l\u2019h\u00f4pital en eau, et permet d\u2019en \u00e9vacuer les sanies\u2026<\/p>\n<p>En f\u00e9vrier 1529, le roi Fran\u00e7ois 1er autorise les \u00e9diles par lettres patentes \u00e0 construire l\u2019h\u00f4pital auquel il accorde des privil\u00e8ges.<\/p>\n<p>Le 7 septembre 1838, le pape Paul III accorde une bulle d\u2019indulgences \u00e0 tout donateur de l\u2019h\u00f4pital. Elle sera compl\u00e9t\u00e9e par Paul V en 1617. L\u2019h\u00f4pital vivra de dons jusqu\u2019en 1950.<\/p>\n<p>L\u2019h\u00f4pital Saint-Laurent, en accueillant les pauvres et les malades, remplissait les fonctions d\u2019un H\u00f4tel-Dieu, institution hospitali\u00e8re la plus courante \u00e0 cette \u00e9poque.<\/p>\n<p>En 1570 l\u2019h\u00f4pital se compose de deux b\u00e2timents donnant sur les quais\u00a0: la communaut\u00e9 des s\u0153urs (b\u00e2timent qui se visite) et d\u2019une grande nef qui correspondait \u00e0 la grande salle des malades, elle se terminait par une chapelle en abside. Cette grande nef, devenue insalubre, fut d\u00e9truite en 1854 suite \u00e0 des inondations, mais les \u00e9l\u00e9ments mobiliers remarquables ont \u00e9t\u00e9 conserv\u00e9s gr\u00e2ce \u00e0 la Soci\u00e9t\u00e9 d\u2019Histoire et d\u2019Arch\u00e9ologie et r\u00e9install\u00e9s dans la chapelle du 19<sup>\u00e8me<\/sup> si\u00e8cle\u00a0: vitraux du 16<sup>\u00e8me<\/sup> si\u00e8cle, portes sculpt\u00e9es et chaire \u00e0 pr\u00eacher du 17<sup>\u00e8me<\/sup> si\u00e8cle.<\/p>\n<p><a name=\"_Toc111517648\"><\/a>L\u2019h\u00f4pital est desservi par les s\u0153urs de Sainte-Marthe qui remplacent, \u00e0 partir de 1632, les Dames de Chalon. Ces dames \u00e9taient critiqu\u00e9es pour leur mauvaise gestion de l\u2019\u00e9tablissement. C\u2019est pourquoi, le maire de Chalon, Claude Enoch Virey, demande \u00e0 des s\u0153urs de l\u2019h\u00f4tel-dieu de Beaune de venir \u00e0 l\u2019h\u00f4pital pour le r\u00e9organiser. C\u2019est le d\u00e9but de l&rsquo;\u00e9tablissement des s\u0153urs de Sainte-Marthe \u00e0 Chalon-sur-Sa\u00f4ne. Elles serviront les malades jusqu\u2019en 1980 \u00e0 l\u2019h\u00f4pital.<\/p>\n<p>&nbsp;<\/p>\n<p>L&rsquo;h\u00f4pital a connu de nombreuses modifications amenant la destruction de certains b\u00e2timents pour le rendre plus fonctionnel.<br \/>\nDepuis 1626, on d\u00e9cide de la construction d\u2019une infirmerie pour isoler les personnes les plus malades, d&rsquo;une apothicairerie, disparues aujourd\u2019hui.<br \/>\nUne troisi\u00e8me salle destin\u00e9e aux femmes et le dortoir des s\u0153urs sont construits \u00e0 la fin du XVIIe si\u00e8cle.<br \/>\nUne quatri\u00e8me salle aussi appel\u00e9e nouvelle infirmerie est \u00e9difi\u00e9e en 1704 par le conseil de ville.<\/p>\n<p>La cinqui\u00e8me salle est \u00e9lev\u00e9e de 1768 \u00e0 1773 sur les plans (probables) de l\u2019ing\u00e9nieur Emiland Gauthey, qui cr\u00e9a \u00e9galement une chapelle surmont\u00e9e d\u2019un d\u00f4me \u00e0 la jonction des quatre salles de malades dispos\u00e9es en croix.<\/p>\n<p>De m\u00eame aux 17<sup>\u00e8me<\/sup> et 18<sup>\u00e8me<\/sup> si\u00e8cles ont \u00e9t\u00e9 cr\u00e9\u00e9s le r\u00e9fectoire des s\u0153urs ainsi que la salle des \u00e9tains dont la fonction \u00e9tait d&rsquo;accueillir les pauvres afin de leurs distribuer la soupe populaire.<\/p>\n<p>La Pharmacie de style n\u00e9oclassique r\u00e9alis\u00e9 par Claude Niepce, fut construite de 1786 \u00e0 1788.<\/p>\n<p>Suite \u00e0 la destruction de la Grande Nef un b\u00e2timent est construit de 1854 \u00e0 1860 par l\u2019architecte Jacques Duclos qui sur\u00e9l\u00e8ve le d\u00f4me.<\/p>\n<p>En 1873 une des quatre grandes salles de malades se situant autour du d\u00f4me laisse place \u00e0 la nouvelle chapelle.<\/p>\n<p>Le Centre hospitalier William Morey quitte le site de l&rsquo;h\u00f4pital St-Laurent fin 2011 pour rejoindre ses nouveaux locaux aux Pr\u00e9s-devant.<\/p>\n<p>&nbsp;<\/p>\n<p><strong>L\u2019hospice Saint Louis<\/strong><\/p>\n<p>&nbsp;<\/p>\n<p>Cet hospice correspond \u00e0 l\u2019h\u00f4pital g\u00e9n\u00e9ral d\u00e9finit par Louis XIV et donc a plus un r\u00f4le d\u2019enfermement des vagabonds que de soins. Dans le courant du 19<sup>\u00e8me<\/sup> si\u00e8cle, cet hospice a \u00e9galement h\u00e9berg\u00e9 des ali\u00e9n\u00e9s.<\/p>\n<div id=\"attachment_282\" style=\"width: 310px\" class=\"wp-caption aligncenter\"><img loading=\"lazy\" decoding=\"async\" aria-describedby=\"caption-attachment-282\" class=\"wp-image-282 size-medium\" src=\"http:\/\/www.ch-chalon71.fr\/abigail-mathieu\/wp-content\/uploads\/2017\/12\/hospice-st-Louis-ancienne-chapelle-300x211.jpg\" alt=\"Chapelle de l'ancien hospice St-Louis, XVIIe,&lt;br \/&gt;Chapelle de l'hospice St-Louis\" width=\"300\" height=\"211\" srcset=\"https:\/\/www.ch-chalon71.fr\/abigail-mathieu\/wp-content\/uploads\/2017\/12\/hospice-st-Louis-ancienne-chapelle-300x211.jpg 300w, https:\/\/www.ch-chalon71.fr\/abigail-mathieu\/wp-content\/uploads\/2017\/12\/hospice-st-Louis-ancienne-chapelle-768x541.jpg 768w, https:\/\/www.ch-chalon71.fr\/abigail-mathieu\/wp-content\/uploads\/2017\/12\/hospice-st-Louis-ancienne-chapelle-1024x722.jpg 1024w\" sizes=\"auto, (max-width: 300px) 100vw, 300px\" \/><p id=\"caption-attachment-282\" class=\"wp-caption-text\">Chapelle de l&rsquo;ancien hospice St-Louis<\/p><\/div>\n<p>&nbsp;<\/p>\n<p>Monseigneur de MAUPEOU, Ev\u00eaque de Chalon, fonda l&rsquo;\u00e9tablissement aid\u00e9 de quelques habitants qui ont achet\u00e9 des maisons au faubourg Sainte-Marie. Une douzaine d\u2019enfants sont accueillis, nourris, entretenus, instruits des v\u00e9rit\u00e9s chr\u00e9tiennes et form\u00e9s aux exercices de la pi\u00e9t\u00e9. On leur apprend \u00e9galement un m\u00e9tier. Son successeur Monseigneur F\u00e9lix de Tassy souhaite autoriser officiellement cette institution et renforcer son r\u00f4le. Apr\u00e8s diverse p\u00e9rip\u00e9ties, il obtient des lettres patentes enregistr\u00e9es au Parlement de Bourgogne le 13 octobre 1692.<\/p>\n<p>Louis XIV demande que la maison appel\u00e9e auparavant La Charit\u00e9 soit nomm\u00e9e H\u00f4pital g\u00e9n\u00e9ral et plac\u00e9e sous le vocable de Saint-Louis. Il demande aussi que les pauvres de tout sexe et de tout \u00e2ge y soient accueillis. En raison de ses faibles revenus, l\u2019h\u00f4pital ne re\u00e7oit que des enfants orphelins jusqu\u2019en 1739. A cette date, l\u2019assembl\u00e9e g\u00e9n\u00e9rale des trois corps de la communaut\u00e9 d\u00e9cide de l\u2019accueil des vieillards mendiants \u00e0 l\u2019hospice et la distribution de pain tous les dimanches aux pauvres familles de la ville.<\/p>\n<p>Des gardes sont mises en place pour emp\u00eacher les pauvres passants de mendier. Ils sont conduits \u00e0 l\u2019h\u00f4pital g\u00e9n\u00e9ral o\u00f9 un bureau fut \u00e9tabli qui distribuait une aum\u00f4ne aux pauvres passants.<\/p>\n<p>Au lendemain de la R\u00e9volution, l\u2019\u00e9tablissement \u00e9tait essentiellement constitu\u00e9 d\u2019une \u00e9glise, construite fin XVIIIe, et de deux grands corps de logis au XVIIIe si\u00e8cle.<\/p>\n<p>Au cours du 19<sup>\u00e8me<\/sup> si\u00e8cle on am\u00e9nage deux b\u00e2timents de bains, le quartier des filles est agrandi, un nouveau b\u00e2timent pour les vieillards hommes est \u00e9difi\u00e9 \u00e0 la fin du si\u00e8cle et les incurables install\u00e9s dans l\u2019ancienne aum\u00f4nerie r\u00e9am\u00e9nag\u00e9e.i<\/p>\n","protected":false},"excerpt":{"rendered":"<p>L&rsquo;histoire de l&rsquo;h\u00f4pital \u00e0 Chalon est li\u00e9e \u00e0 l&rsquo;histoire de la Ville et \u00e0 l&rsquo;\u00e9volution de la m\u00e9decine. La Maison-Dieu Saint Eloi\u00a0: Cette Maison Dieu ant\u00e9rieure \u00e0 l\u2019h\u00f4pital Saint-Laurent appara\u00eet comme l\u2019un des principaux \u00e9tablissements hospitaliers avant 1528-29. On y accueillait des \u00ab\u00a0p\u00f4vres\u00a0\u00bb malades, \u00e0 savoir des indigents et surtout des p\u00e8lerins. Certains auteurs font [&hellip;]<\/p>\n","protected":false},"author":1,"featured_media":0,"parent":0,"menu_order":0,"comment_status":"closed","ping_status":"closed","template":"","meta":{"_acf_changed":false,"footnotes":""},"class_list":["post-119","page","type-page","status-publish","hentry"],"acf":[],"yoast_head":"<!-- This site is optimized with the Yoast SEO plugin v26.6 - https:\/\/yoast.com\/wordpress\/plugins\/seo\/ -->\n<title>Histoire de l&#039;h\u00f4pital de Chalon<\/title>\n<meta name=\"description\" content=\"L&#039;histoire de l&#039;h\u00f4pital montre que les b\u00e2timents ont \u00e9volu\u00e9 en fonction des besoins des habitants de la ville et des progr\u00e8s de la m\u00e9decine.\" \/>\n<meta name=\"robots\" content=\"index, follow, max-snippet:-1, max-image-preview:large, max-video-preview:-1\" \/>\n<link rel=\"canonical\" href=\"https:\/\/www.ch-chalon71.fr\/abigail-mathieu\/histoire-de-lhopital\/\" \/>\n<meta property=\"og:locale\" content=\"fr_FR\" \/>\n<meta property=\"og:type\" content=\"article\" \/>\n<meta property=\"og:title\" content=\"Histoire de l&#039;h\u00f4pital de Chalon\" \/>\n<meta property=\"og:description\" content=\"L&#039;histoire de l&#039;h\u00f4pital montre que les b\u00e2timents ont \u00e9volu\u00e9 en fonction des besoins des habitants de la ville et des progr\u00e8s de la m\u00e9decine.\" \/>\n<meta property=\"og:url\" content=\"https:\/\/www.ch-chalon71.fr\/abigail-mathieu\/histoire-de-lhopital\/\" \/>\n<meta property=\"og:site_name\" content=\"Abiga\u00efl-Mathieu\" \/>\n<meta property=\"article:modified_time\" content=\"2019-05-02T15:44:41+00:00\" \/>\n<meta property=\"og:image\" content=\"https:\/\/www.ch-chalon71.fr\/abigail-mathieu\/wp-content\/uploads\/2017\/09\/DSC_7419-1024x685.jpg\" \/>\n\t<meta property=\"og:image:width\" content=\"1024\" \/>\n\t<meta property=\"og:image:height\" content=\"685\" \/>\n\t<meta property=\"og:image:type\" content=\"image\/jpeg\" \/>\n<meta name=\"twitter:card\" content=\"summary_large_image\" \/>\n<meta name=\"twitter:label1\" content=\"Dur\u00e9e de lecture estim\u00e9e\" \/>\n\t<meta name=\"twitter:data1\" content=\"5 minutes\" \/>\n<script type=\"application\/ld+json\" class=\"yoast-schema-graph\">{\"@context\":\"https:\/\/schema.org\",\"@graph\":[{\"@type\":\"WebPage\",\"@id\":\"https:\/\/www.ch-chalon71.fr\/abigail-mathieu\/histoire-de-lhopital\/\",\"url\":\"https:\/\/www.ch-chalon71.fr\/abigail-mathieu\/histoire-de-lhopital\/\",\"name\":\"Histoire de l'h\u00f4pital de Chalon\",\"isPartOf\":{\"@id\":\"https:\/\/www.ch-chalon71.fr\/abigail-mathieu\/#website\"},\"primaryImageOfPage\":{\"@id\":\"https:\/\/www.ch-chalon71.fr\/abigail-mathieu\/histoire-de-lhopital\/#primaryimage\"},\"image\":{\"@id\":\"https:\/\/www.ch-chalon71.fr\/abigail-mathieu\/histoire-de-lhopital\/#primaryimage\"},\"thumbnailUrl\":\"http:\/\/www.ch-chalon71.fr\/abigail-mathieu\/wp-content\/uploads\/2017\/09\/DSC_7419-300x201.jpg\",\"datePublished\":\"2017-09-28T08:38:37+00:00\",\"dateModified\":\"2019-05-02T15:44:41+00:00\",\"description\":\"L'histoire de l'h\u00f4pital montre que les b\u00e2timents ont \u00e9volu\u00e9 en fonction des besoins des habitants de la ville et des progr\u00e8s de la m\u00e9decine.\",\"breadcrumb\":{\"@id\":\"https:\/\/www.ch-chalon71.fr\/abigail-mathieu\/histoire-de-lhopital\/#breadcrumb\"},\"inLanguage\":\"fr-FR\",\"potentialAction\":[{\"@type\":\"ReadAction\",\"target\":[\"https:\/\/www.ch-chalon71.fr\/abigail-mathieu\/histoire-de-lhopital\/\"]}]},{\"@type\":\"ImageObject\",\"inLanguage\":\"fr-FR\",\"@id\":\"https:\/\/www.ch-chalon71.fr\/abigail-mathieu\/histoire-de-lhopital\/#primaryimage\",\"url\":\"http:\/\/www.ch-chalon71.fr\/abigail-mathieu\/wp-content\/uploads\/2017\/09\/DSC_7419-300x201.jpg\",\"contentUrl\":\"http:\/\/www.ch-chalon71.fr\/abigail-mathieu\/wp-content\/uploads\/2017\/09\/DSC_7419-300x201.jpg\"},{\"@type\":\"BreadcrumbList\",\"@id\":\"https:\/\/www.ch-chalon71.fr\/abigail-mathieu\/histoire-de-lhopital\/#breadcrumb\",\"itemListElement\":[{\"@type\":\"ListItem\",\"position\":1,\"name\":\"Home\",\"item\":\"https:\/\/www.ch-chalon71.fr\/abigail-mathieu\/\"},{\"@type\":\"ListItem\",\"position\":2,\"name\":\"Histoire de l&rsquo;h\u00f4pital\"}]},{\"@type\":\"WebSite\",\"@id\":\"https:\/\/www.ch-chalon71.fr\/abigail-mathieu\/#website\",\"url\":\"https:\/\/www.ch-chalon71.fr\/abigail-mathieu\/\",\"name\":\"Abiga\u00efl-Mathieu\",\"description\":\"Un site utilisant WordPress\",\"potentialAction\":[{\"@type\":\"SearchAction\",\"target\":{\"@type\":\"EntryPoint\",\"urlTemplate\":\"https:\/\/www.ch-chalon71.fr\/abigail-mathieu\/?s={search_term_string}\"},\"query-input\":{\"@type\":\"PropertyValueSpecification\",\"valueRequired\":true,\"valueName\":\"search_term_string\"}}],\"inLanguage\":\"fr-FR\"}]}<\/script>\n<!-- \/ Yoast SEO plugin. -->","yoast_head_json":{"title":"Histoire de l'h\u00f4pital de Chalon","description":"L'histoire de l'h\u00f4pital montre que les b\u00e2timents ont \u00e9volu\u00e9 en fonction des besoins des habitants de la ville et des progr\u00e8s de la m\u00e9decine.","robots":{"index":"index","follow":"follow","max-snippet":"max-snippet:-1","max-image-preview":"max-image-preview:large","max-video-preview":"max-video-preview:-1"},"canonical":"https:\/\/www.ch-chalon71.fr\/abigail-mathieu\/histoire-de-lhopital\/","og_locale":"fr_FR","og_type":"article","og_title":"Histoire de l'h\u00f4pital de Chalon","og_description":"L'histoire de l'h\u00f4pital montre que les b\u00e2timents ont \u00e9volu\u00e9 en fonction des besoins des habitants de la ville et des progr\u00e8s de la m\u00e9decine.","og_url":"https:\/\/www.ch-chalon71.fr\/abigail-mathieu\/histoire-de-lhopital\/","og_site_name":"Abiga\u00efl-Mathieu","article_modified_time":"2019-05-02T15:44:41+00:00","og_image":[{"width":1024,"height":685,"url":"https:\/\/www.ch-chalon71.fr\/abigail-mathieu\/wp-content\/uploads\/2017\/09\/DSC_7419-1024x685.jpg","type":"image\/jpeg"}],"twitter_card":"summary_large_image","twitter_misc":{"Dur\u00e9e de lecture estim\u00e9e":"5 minutes"},"schema":{"@context":"https:\/\/schema.org","@graph":[{"@type":"WebPage","@id":"https:\/\/www.ch-chalon71.fr\/abigail-mathieu\/histoire-de-lhopital\/","url":"https:\/\/www.ch-chalon71.fr\/abigail-mathieu\/histoire-de-lhopital\/","name":"Histoire de l'h\u00f4pital de Chalon","isPartOf":{"@id":"https:\/\/www.ch-chalon71.fr\/abigail-mathieu\/#website"},"primaryImageOfPage":{"@id":"https:\/\/www.ch-chalon71.fr\/abigail-mathieu\/histoire-de-lhopital\/#primaryimage"},"image":{"@id":"https:\/\/www.ch-chalon71.fr\/abigail-mathieu\/histoire-de-lhopital\/#primaryimage"},"thumbnailUrl":"http:\/\/www.ch-chalon71.fr\/abigail-mathieu\/wp-content\/uploads\/2017\/09\/DSC_7419-300x201.jpg","datePublished":"2017-09-28T08:38:37+00:00","dateModified":"2019-05-02T15:44:41+00:00","description":"L'histoire de l'h\u00f4pital montre que les b\u00e2timents ont \u00e9volu\u00e9 en fonction des besoins des habitants de la ville et des progr\u00e8s de la m\u00e9decine.","breadcrumb":{"@id":"https:\/\/www.ch-chalon71.fr\/abigail-mathieu\/histoire-de-lhopital\/#breadcrumb"},"inLanguage":"fr-FR","potentialAction":[{"@type":"ReadAction","target":["https:\/\/www.ch-chalon71.fr\/abigail-mathieu\/histoire-de-lhopital\/"]}]},{"@type":"ImageObject","inLanguage":"fr-FR","@id":"https:\/\/www.ch-chalon71.fr\/abigail-mathieu\/histoire-de-lhopital\/#primaryimage","url":"http:\/\/www.ch-chalon71.fr\/abigail-mathieu\/wp-content\/uploads\/2017\/09\/DSC_7419-300x201.jpg","contentUrl":"http:\/\/www.ch-chalon71.fr\/abigail-mathieu\/wp-content\/uploads\/2017\/09\/DSC_7419-300x201.jpg"},{"@type":"BreadcrumbList","@id":"https:\/\/www.ch-chalon71.fr\/abigail-mathieu\/histoire-de-lhopital\/#breadcrumb","itemListElement":[{"@type":"ListItem","position":1,"name":"Home","item":"https:\/\/www.ch-chalon71.fr\/abigail-mathieu\/"},{"@type":"ListItem","position":2,"name":"Histoire de l&rsquo;h\u00f4pital"}]},{"@type":"WebSite","@id":"https:\/\/www.ch-chalon71.fr\/abigail-mathieu\/#website","url":"https:\/\/www.ch-chalon71.fr\/abigail-mathieu\/","name":"Abiga\u00efl-Mathieu","description":"Un site utilisant WordPress","potentialAction":[{"@type":"SearchAction","target":{"@type":"EntryPoint","urlTemplate":"https:\/\/www.ch-chalon71.fr\/abigail-mathieu\/?s={search_term_string}"},"query-input":{"@type":"PropertyValueSpecification","valueRequired":true,"valueName":"search_term_string"}}],"inLanguage":"fr-FR"}]}},"_links":{"self":[{"href":"https:\/\/www.ch-chalon71.fr\/abigail-mathieu\/wp-json\/wp\/v2\/pages\/119","targetHints":{"allow":["GET"]}}],"collection":[{"href":"https:\/\/www.ch-chalon71.fr\/abigail-mathieu\/wp-json\/wp\/v2\/pages"}],"about":[{"href":"https:\/\/www.ch-chalon71.fr\/abigail-mathieu\/wp-json\/wp\/v2\/types\/page"}],"author":[{"embeddable":true,"href":"https:\/\/www.ch-chalon71.fr\/abigail-mathieu\/wp-json\/wp\/v2\/users\/1"}],"replies":[{"embeddable":true,"href":"https:\/\/www.ch-chalon71.fr\/abigail-mathieu\/wp-json\/wp\/v2\/comments?post=119"}],"version-history":[{"count":23,"href":"https:\/\/www.ch-chalon71.fr\/abigail-mathieu\/wp-json\/wp\/v2\/pages\/119\/revisions"}],"predecessor-version":[{"id":424,"href":"https:\/\/www.ch-chalon71.fr\/abigail-mathieu\/wp-json\/wp\/v2\/pages\/119\/revisions\/424"}],"wp:attachment":[{"href":"https:\/\/www.ch-chalon71.fr\/abigail-mathieu\/wp-json\/wp\/v2\/media?parent=119"}],"curies":[{"name":"wp","href":"https:\/\/api.w.org\/{rel}","templated":true}]}}